{"id":380805,"date":"2026-03-08T03:26:21","date_gmt":"2026-03-08T02:26:21","guid":{"rendered":"https:\/\/grupotextil.es\/producto\/ladies-crossover-bodywarmer\/"},"modified":"2026-03-08T03:26:21","modified_gmt":"2026-03-08T02:26:21","slug":"ladies-crossover-bodywarmer","status":"publish","type":"product","link":"https:\/\/grupotextil.es\/ca\/product\/ladies-crossover-bodywarmer\/","title":{"rendered":"Ladies Crossover Vest"},"content":{"rendered":"<ul>\n<li>65 g\/m\u00b2<\/li>\n<li>Exterior: 100% poli\u00e9ster (Ribstop 300T), inserciones: 95% poli\u00e9ster, 5% elastano<\/li>\n<li>Relleno y forro: 100% poli\u00e9ster<\/li>\n<li>Repele el agua<\/li>\n<li>Cremalleras de calidad invertida<\/li>\n<li>2 grandes bolsillos delanteros y un bolsillo interior<\/li>\n<li>Sisas el\u00e1sticas<\/li>\n<li>Corte ajustado<\/li>\n<li>Preparado para el bordado.<\/li>\n<\/ul>","protected":false},"excerpt":{"rendered":"<p>65 g\/m\u00b2Exterior: 100% poli\u00e9ster (Ribstop 300T), inserciones: 95% poli\u00e9ster, 5% elastanoRelleno y forro: 100% poli\u00e9sterRepele el aguaCremalleras de calidad invertida2 grandes bolsillos delanteros y &#8230;<\/p>","protected":false},"featured_media":419475,"comment_status":"open","ping_status":"closed","template":"","meta":{"_acf_changed":false},"product_brand":[11671],"product_cat":[13991,13981,13990,13974,13930,13975,13973],"product_tag":[],"class_list":{"0":"post-380805","1":"product","2":"type-product","3":"status-publish","4":"has-post-thumbnail","6":"product_brand-tee-jays","7":"product_cat-m-chalecos","8":"product_cat-h-chaquetas-y-abrigos","9":"product_cat-m-chaquetas-y-abrigos","10":"product_cat-ropa-hombre","11":"product_cat-laboral","12":"product_cat-ropa-mujer","13":"product_cat-ropa","14":"tm-no-options","16":"first","17":"instock","18":"taxable","19":"shipping-taxable","20":"product-type-variable"},"acf":[],"_links":{"self":[{"href":"https:\/\/grupotextil.es\/ca\/wp-json\/wp\/v2\/product\/380805","targetHints":{"allow":["GET"]}}],"collection":[{"href":"https:\/\/grupotextil.es\/ca\/wp-json\/wp\/v2\/product"}],"about":[{"href":"https:\/\/grupotextil.es\/ca\/wp-json\/wp\/v2\/types\/product"}],"replies":[{"embeddable":true,"href":"https:\/\/grupotextil.es\/ca\/wp-json\/wp\/v2\/comments?post=380805"}],"wp:featuredmedia":[{"embeddable":true,"href":"https:\/\/grupotextil.es\/ca\/wp-json\/wp\/v2\/media\/419475"}],"wp:attachment":[{"href":"https:\/\/grupotextil.es\/ca\/wp-json\/wp\/v2\/media?parent=380805"}],"wp:term":[{"taxonomy":"product_brand","embeddable":true,"href":"https:\/\/grupotextil.es\/ca\/wp-json\/wp\/v2\/product_brand?post=380805"},{"taxonomy":"product_cat","embeddable":true,"href":"https:\/\/grupotextil.es\/ca\/wp-json\/wp\/v2\/product_cat?post=380805"},{"taxonomy":"product_tag","embeddable":true,"href":"https:\/\/grupotextil.es\/ca\/wp-json\/wp\/v2\/product_tag?post=380805"}],"curies":[{"name":"wp","href":"https:\/\/api.w.org\/{rel}","templated":true}]}}