{"id":380855,"date":"2026-03-08T03:26:23","date_gmt":"2026-03-08T02:26:23","guid":{"rendered":"https:\/\/grupotextil.es\/producto\/crossover-bodywarmer\/"},"modified":"2026-03-08T03:26:23","modified_gmt":"2026-03-08T02:26:23","slug":"crossover-bodywarmer","status":"publish","type":"product","link":"https:\/\/grupotextil.es\/ca\/product\/crossover-bodywarmer\/","title":{"rendered":"Crossover Vest"},"content":{"rendered":"<ul>\n<li>65 g\/m\u00b2<\/li>\n<li>Exterior: 100% poli\u00e9ster (Ribstop 300T), inserciones: 95% poli\u00e9ster, 5% elastano<\/li>\n<li>Revestimiento y forro: 100% poli\u00e9ster<\/li>\n<li>Repele el agua<\/li>\n<li>Cremalleras de calidad invertidas<\/li>\n<li>2 grandes bolsillos delanteros y un bolsillo interior<\/li>\n<li>Sisas el\u00e1sticas<\/li>\n<li>Preparado para el bordado.<\/li>\n<\/ul>","protected":false},"excerpt":{"rendered":"<p>65 g\/m\u00b2Exterior: 100% poli\u00e9ster (Ribstop 300T), inserciones: 95% poli\u00e9ster, 5% elastanoRevestimiento y forro: 100% poli\u00e9sterRepele el aguaCremalleras de calidad invertidas2 grandes bolsillos delant&#8230;<\/p>","protected":false},"featured_media":419526,"comment_status":"open","ping_status":"closed","template":"","meta":{"_acf_changed":false},"product_brand":[11671],"product_cat":[13991,13981,13990,13974,13930,13975,13973],"product_tag":[14009],"class_list":{"0":"post-380855","1":"product","2":"type-product","3":"status-publish","4":"has-post-thumbnail","6":"product_brand-tee-jays","7":"product_cat-m-chalecos","8":"product_cat-h-chaquetas-y-abrigos","9":"product_cat-m-chaquetas-y-abrigos","10":"product_cat-ropa-hombre","11":"product_cat-laboral","12":"product_cat-ropa-mujer","13":"product_cat-ropa","14":"product_tag-top-ventas","15":"tm-no-options","17":"first","18":"instock","19":"taxable","20":"shipping-taxable","21":"product-type-variable"},"acf":[],"_links":{"self":[{"href":"https:\/\/grupotextil.es\/ca\/wp-json\/wp\/v2\/product\/380855","targetHints":{"allow":["GET"]}}],"collection":[{"href":"https:\/\/grupotextil.es\/ca\/wp-json\/wp\/v2\/product"}],"about":[{"href":"https:\/\/grupotextil.es\/ca\/wp-json\/wp\/v2\/types\/product"}],"replies":[{"embeddable":true,"href":"https:\/\/grupotextil.es\/ca\/wp-json\/wp\/v2\/comments?post=380855"}],"wp:featuredmedia":[{"embeddable":true,"href":"https:\/\/grupotextil.es\/ca\/wp-json\/wp\/v2\/media\/419526"}],"wp:attachment":[{"href":"https:\/\/grupotextil.es\/ca\/wp-json\/wp\/v2\/media?parent=380855"}],"wp:term":[{"taxonomy":"product_brand","embeddable":true,"href":"https:\/\/grupotextil.es\/ca\/wp-json\/wp\/v2\/product_brand?post=380855"},{"taxonomy":"product_cat","embeddable":true,"href":"https:\/\/grupotextil.es\/ca\/wp-json\/wp\/v2\/product_cat?post=380855"},{"taxonomy":"product_tag","embeddable":true,"href":"https:\/\/grupotextil.es\/ca\/wp-json\/wp\/v2\/product_tag?post=380855"}],"curies":[{"name":"wp","href":"https:\/\/api.w.org\/{rel}","templated":true}]}}