{"id":381186,"date":"2026-03-08T03:27:42","date_gmt":"2026-03-08T02:27:42","guid":{"rendered":"https:\/\/grupotextil.es\/producto\/chaqueta-softshell-hooded-softshell-men\/"},"modified":"2026-03-08T03:27:42","modified_gmt":"2026-03-08T02:27:42","slug":"chaqueta-softshell-hooded-softshell-men","status":"publish","type":"product","link":"https:\/\/grupotextil.es\/ca\/product\/chaqueta-softshell-hooded-softshell-men\/","title":{"rendered":"Chaqueta Softshell con capucha SoftshellMen"},"content":{"rendered":"<ul>\n<li>340 g\/m\u00b2<\/li>\n<li>Exterior: 94% poli\u00e9ster, 6% elast\u00e1n<\/li>\n<li>Capa intermedia: membrana microporo transpirable<\/li>\n<li>Interior: forro de malla de Poli\u00e9ster<\/li>\n<li>Capucha desmontable y ajustable<\/li>\n<li>Cremallera entera cosida al reverso con protecci\u00f3n de viento interior y proteccion de barbilla<\/li>\n<li>Manga montada<\/li>\n<li>Pu\u00f1os ajustable<\/li>\n<li>Bolsillos con cremallera<\/li>\n<li>Cintura con cord\u00f3n el\u00e1stico y topes en la parte trasera<\/li>\n<li>Acceso para la decoraci\u00f3n en frontal izquierdo<\/li>\n<\/ul>","protected":false},"excerpt":{"rendered":"<p>340 g\/m\u00b2Exterior: 94% poli\u00e9ster, 6% elast\u00e1nCapa intermedia: membrana microporo transpirableInterior: forro de malla de Poli\u00e9sterCapucha desmontable y ajustableCremallera entera cosida al reverso con p<\/p>","protected":false},"featured_media":419696,"comment_status":"open","ping_status":"closed","template":"","meta":{"_acf_changed":false},"product_brand":[11653],"product_cat":[13990,13981,13974,13930,13975,13973],"product_tag":[14009],"class_list":{"0":"post-381186","1":"product","2":"type-product","3":"status-publish","4":"has-post-thumbnail","6":"product_brand-b-c","7":"product_cat-m-chaquetas-y-abrigos","8":"product_cat-h-chaquetas-y-abrigos","9":"product_cat-ropa-hombre","10":"product_cat-laboral","11":"product_cat-ropa-mujer","12":"product_cat-ropa","13":"product_tag-top-ventas","14":"tm-no-options","16":"first","17":"instock","18":"taxable","19":"shipping-taxable","20":"product-type-variable"},"acf":[],"_links":{"self":[{"href":"https:\/\/grupotextil.es\/ca\/wp-json\/wp\/v2\/product\/381186","targetHints":{"allow":["GET"]}}],"collection":[{"href":"https:\/\/grupotextil.es\/ca\/wp-json\/wp\/v2\/product"}],"about":[{"href":"https:\/\/grupotextil.es\/ca\/wp-json\/wp\/v2\/types\/product"}],"replies":[{"embeddable":true,"href":"https:\/\/grupotextil.es\/ca\/wp-json\/wp\/v2\/comments?post=381186"}],"wp:featuredmedia":[{"embeddable":true,"href":"https:\/\/grupotextil.es\/ca\/wp-json\/wp\/v2\/media\/419696"}],"wp:attachment":[{"href":"https:\/\/grupotextil.es\/ca\/wp-json\/wp\/v2\/media?parent=381186"}],"wp:term":[{"taxonomy":"product_brand","embeddable":true,"href":"https:\/\/grupotextil.es\/ca\/wp-json\/wp\/v2\/product_brand?post=381186"},{"taxonomy":"product_cat","embeddable":true,"href":"https:\/\/grupotextil.es\/ca\/wp-json\/wp\/v2\/product_cat?post=381186"},{"taxonomy":"product_tag","embeddable":true,"href":"https:\/\/grupotextil.es\/ca\/wp-json\/wp\/v2\/product_tag?post=381186"}],"curies":[{"name":"wp","href":"https:\/\/api.w.org\/{rel}","templated":true}]}}