{"id":381234,"date":"2026-03-08T03:27:44","date_gmt":"2026-03-08T02:27:44","guid":{"rendered":"https:\/\/grupotextil.es\/producto\/chaqueta-multi-active-hombre\/"},"modified":"2026-03-08T03:27:44","modified_gmt":"2026-03-08T02:27:44","slug":"chaqueta-multi-active-hombre","status":"publish","type":"product","link":"https:\/\/grupotextil.es\/ca\/product\/chaqueta-multi-active-hombre\/","title":{"rendered":"Chaqueta Multi-Active hombre"},"content":{"rendered":"<ul>\n<li>Exterior: 100% poli\u00e9ster (Taffetta 210T), con capa PU<\/li>\n<li>Forro: 100% poli\u00e9ster (microfibra anti bolitas)<\/li>\n<li>Forro de la manga: 100% poli\u00e9ster (Taffetta acolchado)<\/li>\n<li>Interior en color contrastado (chaqueta blanca tiene interior blanco)<\/li>\n<li>Repelente al agua y resistente al viento<\/li>\n<li>Capucha ajustable oculta en cuello con cord\u00f3n el\u00e1stico y topes<\/li>\n<li>Cremallera entera del mismo color<\/li>\n<li>Costura en la parte delantera del hombro<\/li>\n<li>2 bolsillos con cremallera y solapa<\/li>\n<li>Bolsillo interior<\/li>\n<li>Pu\u00f1os ajustables<\/li>\n<li>Acceso personalizaci\u00f3n: cremallera en la parte trasera<\/li>\n<\/ul>","protected":false},"excerpt":{"rendered":"<p>Exterior: 100% poli\u00e9ster (Taffetta 210T), con capa PUForro: 100% poli\u00e9ster (microfibra anti bolitas)Forro de la manga: 100% poli\u00e9ster (Taffetta acolchado)Interior en color contrastado (chaqueta blanca<\/p>","protected":false},"featured_media":419708,"comment_status":"open","ping_status":"closed","template":"","meta":{"_acf_changed":false},"product_brand":[11653],"product_cat":[13981,13990,13974,13930,13975,13973],"product_tag":[],"class_list":{"0":"post-381234","1":"product","2":"type-product","3":"status-publish","4":"has-post-thumbnail","6":"product_brand-b-c","7":"product_cat-h-chaquetas-y-abrigos","8":"product_cat-m-chaquetas-y-abrigos","9":"product_cat-ropa-hombre","10":"product_cat-laboral","11":"product_cat-ropa-mujer","12":"product_cat-ropa","13":"tm-no-options","15":"first","16":"instock","17":"taxable","18":"shipping-taxable","19":"product-type-variable"},"acf":[],"_links":{"self":[{"href":"https:\/\/grupotextil.es\/ca\/wp-json\/wp\/v2\/product\/381234","targetHints":{"allow":["GET"]}}],"collection":[{"href":"https:\/\/grupotextil.es\/ca\/wp-json\/wp\/v2\/product"}],"about":[{"href":"https:\/\/grupotextil.es\/ca\/wp-json\/wp\/v2\/types\/product"}],"replies":[{"embeddable":true,"href":"https:\/\/grupotextil.es\/ca\/wp-json\/wp\/v2\/comments?post=381234"}],"wp:featuredmedia":[{"embeddable":true,"href":"https:\/\/grupotextil.es\/ca\/wp-json\/wp\/v2\/media\/419708"}],"wp:attachment":[{"href":"https:\/\/grupotextil.es\/ca\/wp-json\/wp\/v2\/media?parent=381234"}],"wp:term":[{"taxonomy":"product_brand","embeddable":true,"href":"https:\/\/grupotextil.es\/ca\/wp-json\/wp\/v2\/product_brand?post=381234"},{"taxonomy":"product_cat","embeddable":true,"href":"https:\/\/grupotextil.es\/ca\/wp-json\/wp\/v2\/product_cat?post=381234"},{"taxonomy":"product_tag","embeddable":true,"href":"https:\/\/grupotextil.es\/ca\/wp-json\/wp\/v2\/product_tag?post=381234"}],"curies":[{"name":"wp","href":"https:\/\/api.w.org\/{rel}","templated":true}]}}