{"id":381287,"date":"2026-03-08T03:27:46","date_gmt":"2026-03-08T02:27:46","guid":{"rendered":"https:\/\/grupotextil.es\/producto\/softshell-ligero-performance\/"},"modified":"2026-03-08T03:27:46","modified_gmt":"2026-03-08T02:27:46","slug":"softshell-ligero-performance","status":"publish","type":"product","link":"https:\/\/grupotextil.es\/ca\/product\/softshell-ligero-performance\/","title":{"rendered":"Softshell ligero Performance"},"content":{"rendered":"<ul>\n<li>260 g\/m\u00b2<\/li>\n<li>95% poli\u00e9ster, 5% elastano<\/li>\n<li>Grey Melange: 96% poli\u00e9ster, 4% elast\u00e1n<\/li>\n<li>Membrana transparente TPU<\/li>\n<li>Cremallera completa<\/li>\n<li>Bolsillo termosellado e impermeable en la manga<\/li>\n<li>2 amplios bolsillos delanteros con cremallera<\/li>\n<li>Pu\u00f1os el\u00e1sticos<\/li>\n<li>Dobladillo ajustable<\/li>\n<li>Ligeramente ajustado<\/li>\n<\/ul>","protected":false},"excerpt":{"rendered":"<p>260 g\/m\u00b295% poli\u00e9ster, 5% elastanoGrey Melange: 96% poli\u00e9ster, 4% elast\u00e1nMembrana transparente TPUCremallera completaBolsillo termosellado e impermeable en la manga2 amplios bolsillos delanteros con c<\/p>","protected":false},"featured_media":419717,"comment_status":"open","ping_status":"closed","template":"","meta":{"_acf_changed":false},"product_brand":[11671],"product_cat":[13981,13990,13974,13930,13975,13973],"product_tag":[14009],"class_list":{"0":"post-381287","1":"product","2":"type-product","3":"status-publish","4":"has-post-thumbnail","6":"product_brand-tee-jays","7":"product_cat-h-chaquetas-y-abrigos","8":"product_cat-m-chaquetas-y-abrigos","9":"product_cat-ropa-hombre","10":"product_cat-laboral","11":"product_cat-ropa-mujer","12":"product_cat-ropa","13":"product_tag-top-ventas","14":"tm-no-options","16":"first","17":"instock","18":"taxable","19":"shipping-taxable","20":"product-type-variable"},"acf":[],"_links":{"self":[{"href":"https:\/\/grupotextil.es\/ca\/wp-json\/wp\/v2\/product\/381287","targetHints":{"allow":["GET"]}}],"collection":[{"href":"https:\/\/grupotextil.es\/ca\/wp-json\/wp\/v2\/product"}],"about":[{"href":"https:\/\/grupotextil.es\/ca\/wp-json\/wp\/v2\/types\/product"}],"replies":[{"embeddable":true,"href":"https:\/\/grupotextil.es\/ca\/wp-json\/wp\/v2\/comments?post=381287"}],"wp:featuredmedia":[{"embeddable":true,"href":"https:\/\/grupotextil.es\/ca\/wp-json\/wp\/v2\/media\/419717"}],"wp:attachment":[{"href":"https:\/\/grupotextil.es\/ca\/wp-json\/wp\/v2\/media?parent=381287"}],"wp:term":[{"taxonomy":"product_brand","embeddable":true,"href":"https:\/\/grupotextil.es\/ca\/wp-json\/wp\/v2\/product_brand?post=381287"},{"taxonomy":"product_cat","embeddable":true,"href":"https:\/\/grupotextil.es\/ca\/wp-json\/wp\/v2\/product_cat?post=381287"},{"taxonomy":"product_tag","embeddable":true,"href":"https:\/\/grupotextil.es\/ca\/wp-json\/wp\/v2\/product_tag?post=381287"}],"curies":[{"name":"wp","href":"https:\/\/api.w.org\/{rel}","templated":true}]}}