{"id":381309,"date":"2026-03-08T03:27:47","date_gmt":"2026-03-08T02:27:47","guid":{"rendered":"https:\/\/grupotextil.es\/producto\/chaleco-de-seguridad-de-2-franjas-fluo-2\/"},"modified":"2026-03-08T03:27:47","modified_gmt":"2026-03-08T02:27:47","slug":"chaleco-de-seguridad-de-2-franjas-fluo-2","status":"publish","type":"product","link":"https:\/\/grupotextil.es\/ca\/product\/chaleco-de-seguridad-de-2-franjas-fluo-2\/","title":{"rendered":"Vest Safety de 2 franjas Fluo"},"content":{"rendered":"<ul>\n<li>120 g\/m\u00b2<\/li>\n<li>100% poli\u00e9ster<\/li>\n<li>Chaleco de seguridad con franjas reflectante verticales y horizontales delante y detr\u00e1s<\/li>\n<li>Pr\u00e1ctico cinta con sistema autocierre de gancho delante.<\/li>\n<li>EN ISO 20471:2013, clase 2 para Amarillo Fluo, Naranja Fluo, Amarillo Fluor\/Naranja Fluo<\/li>\n<li>EN ISO 20471:2013, clase 1 para todas las combinaciones de color con Amarillo Fluo.<\/li>\n<\/ul>","protected":false},"excerpt":{"rendered":"<p>120 g\/m\u00b2100% poli\u00e9sterChaleco de seguridad con franjas reflectante verticales y horizontales delante y detr\u00e1sPr\u00e1ctico cinta con sistema autocierre de gancho delante.<\/p>","protected":false},"featured_media":419729,"comment_status":"open","ping_status":"closed","template":"","meta":{"_acf_changed":false},"product_brand":[11663],"product_cat":[13981,13990,13974,13930,13975,13973],"product_tag":[14009],"class_list":{"0":"post-381309","1":"product","2":"type-product","3":"status-publish","4":"has-post-thumbnail","6":"product_brand-yoko","7":"product_cat-h-chaquetas-y-abrigos","8":"product_cat-m-chaquetas-y-abrigos","9":"product_cat-ropa-hombre","10":"product_cat-laboral","11":"product_cat-ropa-mujer","12":"product_cat-ropa","13":"product_tag-top-ventas","14":"tm-no-options","16":"first","17":"instock","18":"taxable","19":"shipping-taxable","20":"product-type-variable"},"acf":[],"_links":{"self":[{"href":"https:\/\/grupotextil.es\/ca\/wp-json\/wp\/v2\/product\/381309","targetHints":{"allow":["GET"]}}],"collection":[{"href":"https:\/\/grupotextil.es\/ca\/wp-json\/wp\/v2\/product"}],"about":[{"href":"https:\/\/grupotextil.es\/ca\/wp-json\/wp\/v2\/types\/product"}],"replies":[{"embeddable":true,"href":"https:\/\/grupotextil.es\/ca\/wp-json\/wp\/v2\/comments?post=381309"}],"wp:featuredmedia":[{"embeddable":true,"href":"https:\/\/grupotextil.es\/ca\/wp-json\/wp\/v2\/media\/419729"}],"wp:attachment":[{"href":"https:\/\/grupotextil.es\/ca\/wp-json\/wp\/v2\/media?parent=381309"}],"wp:term":[{"taxonomy":"product_brand","embeddable":true,"href":"https:\/\/grupotextil.es\/ca\/wp-json\/wp\/v2\/product_brand?post=381309"},{"taxonomy":"product_cat","embeddable":true,"href":"https:\/\/grupotextil.es\/ca\/wp-json\/wp\/v2\/product_cat?post=381309"},{"taxonomy":"product_tag","embeddable":true,"href":"https:\/\/grupotextil.es\/ca\/wp-json\/wp\/v2\/product_tag?post=381309"}],"curies":[{"name":"wp","href":"https:\/\/api.w.org\/{rel}","templated":true}]}}