{"id":381547,"date":"2026-03-08T03:28:37","date_gmt":"2026-03-08T02:28:37","guid":{"rendered":"https:\/\/grupotextil.es\/producto\/chaqueta-softshell-activity\/"},"modified":"2026-03-08T03:28:37","modified_gmt":"2026-03-08T02:28:37","slug":"chaqueta-softshell-activity","status":"publish","type":"product","link":"https:\/\/grupotextil.es\/ca\/product\/chaqueta-softshell-activity\/","title":{"rendered":"Jacket Softshell Activity"},"content":{"rendered":"<ul>\n<li>320 g\/m\u00b2<\/li>\n<li>Exterior: 93% poli\u00e9ster, 7% elast\u00e1n<\/li>\n<li>Capa Intermedia: membrana transpirable TPU, membrana impermeable y resistente al viento<\/li>\n<li>Capa Interior: 100% poli\u00e9ster micropolar<\/li>\n<li>Transpirable (1.000 g\/m\u00b2 en 24h)<\/li>\n<li>Impermeable (8.000 mm) y protege del viento<\/li>\n<li>Corte c\u00f3modo<\/li>\n<li>Cremallera YKK entera con protecci\u00f3n de barbilla<\/li>\n<li>Canes\u00fa decorativo en frontal y espalda<\/li>\n<li>Abertura bajo el brazo con cremallera y rejilla<\/li>\n<li>Varios bolsillos<\/li>\n<li>Pu\u00f1os con abertura para el pulgar en el interior<\/li>\n<li>Dobladillo inferior con cord\u00f3n ajustable<\/li>\n<li>Espalda m\u00e1s larga<\/li>\n<\/ul>","protected":false},"excerpt":{"rendered":"<p>320 g\/m\u00b2Exterior: 93% poli\u00e9ster, 7% elast\u00e1nCapa Intermedia: membrana transpirable TPU, membrana impermeable y resistente al vientoCapa Interior: 100% poli\u00e9ster micropolarTranspirable (1.<\/p>","protected":false},"featured_media":419808,"comment_status":"open","ping_status":"closed","template":"","meta":{"_acf_changed":false},"product_brand":[11669],"product_cat":[13990,13981,13974,13930,13975,13973],"product_tag":[],"class_list":{"0":"post-381547","1":"product","2":"type-product","3":"status-publish","4":"has-post-thumbnail","6":"product_brand-result","7":"product_cat-m-chaquetas-y-abrigos","8":"product_cat-h-chaquetas-y-abrigos","9":"product_cat-ropa-hombre","10":"product_cat-laboral","11":"product_cat-ropa-mujer","12":"product_cat-ropa","13":"tm-no-options","15":"first","16":"instock","17":"taxable","18":"shipping-taxable","19":"product-type-variable"},"acf":[],"_links":{"self":[{"href":"https:\/\/grupotextil.es\/ca\/wp-json\/wp\/v2\/product\/381547","targetHints":{"allow":["GET"]}}],"collection":[{"href":"https:\/\/grupotextil.es\/ca\/wp-json\/wp\/v2\/product"}],"about":[{"href":"https:\/\/grupotextil.es\/ca\/wp-json\/wp\/v2\/types\/product"}],"replies":[{"embeddable":true,"href":"https:\/\/grupotextil.es\/ca\/wp-json\/wp\/v2\/comments?post=381547"}],"wp:featuredmedia":[{"embeddable":true,"href":"https:\/\/grupotextil.es\/ca\/wp-json\/wp\/v2\/media\/419808"}],"wp:attachment":[{"href":"https:\/\/grupotextil.es\/ca\/wp-json\/wp\/v2\/media?parent=381547"}],"wp:term":[{"taxonomy":"product_brand","embeddable":true,"href":"https:\/\/grupotextil.es\/ca\/wp-json\/wp\/v2\/product_brand?post=381547"},{"taxonomy":"product_cat","embeddable":true,"href":"https:\/\/grupotextil.es\/ca\/wp-json\/wp\/v2\/product_cat?post=381547"},{"taxonomy":"product_tag","embeddable":true,"href":"https:\/\/grupotextil.es\/ca\/wp-json\/wp\/v2\/product_tag?post=381547"}],"curies":[{"name":"wp","href":"https:\/\/api.w.org\/{rel}","templated":true}]}}