{"id":381768,"date":"2026-03-08T03:29:28","date_gmt":"2026-03-08T02:29:28","guid":{"rendered":"https:\/\/grupotextil.es\/producto\/chaleco-softshell-flux-mujer\/"},"modified":"2026-03-08T03:29:28","modified_gmt":"2026-03-08T02:29:28","slug":"chaleco-softshell-flux-mujer","status":"publish","type":"product","link":"https:\/\/grupotextil.es\/ca\/product\/chaleco-softshell-flux-mujer\/","title":{"rendered":"Chaleco Softshell Flux mujer"},"content":{"rendered":"<ul>\n<li>270 g\/m\u00b2<\/li>\n<li>Exterior: 96% poli\u00e9ster, 4% spandex<\/li>\n<li>Interior: 100% poli\u00e9ster (polar)<\/li>\n<li>Ligero y muy suave<\/li>\n<li>Repele el agua<\/li>\n<li>Protege del viento y de secado r\u00e1pido<\/li>\n<\/ul>","protected":false},"excerpt":{"rendered":"<p>270 g\/m\u00b2Exterior: 96% poli\u00e9ster, 4% spandexInterior: 100% poli\u00e9ster (polar)Ligero y muy suaveRepele el aguaProtege del viento y de secado r\u00e1pido<\/p>","protected":false},"featured_media":419876,"comment_status":"open","ping_status":"closed","template":"","meta":{"_acf_changed":false},"product_brand":[11656],"product_cat":[13982,13991,13981,13990,13974,13975,13973],"product_tag":[],"class_list":{"0":"post-381768","1":"product","2":"type-product","3":"status-publish","4":"has-post-thumbnail","6":"product_brand-regatta","7":"product_cat-h-chalecos","8":"product_cat-m-chalecos","9":"product_cat-h-chaquetas-y-abrigos","10":"product_cat-m-chaquetas-y-abrigos","11":"product_cat-ropa-hombre","12":"product_cat-ropa-mujer","13":"product_cat-ropa","14":"tm-no-options","16":"first","17":"instock","18":"taxable","19":"shipping-taxable","20":"product-type-variable"},"acf":[],"_links":{"self":[{"href":"https:\/\/grupotextil.es\/ca\/wp-json\/wp\/v2\/product\/381768","targetHints":{"allow":["GET"]}}],"collection":[{"href":"https:\/\/grupotextil.es\/ca\/wp-json\/wp\/v2\/product"}],"about":[{"href":"https:\/\/grupotextil.es\/ca\/wp-json\/wp\/v2\/types\/product"}],"replies":[{"embeddable":true,"href":"https:\/\/grupotextil.es\/ca\/wp-json\/wp\/v2\/comments?post=381768"}],"wp:featuredmedia":[{"embeddable":true,"href":"https:\/\/grupotextil.es\/ca\/wp-json\/wp\/v2\/media\/419876"}],"wp:attachment":[{"href":"https:\/\/grupotextil.es\/ca\/wp-json\/wp\/v2\/media?parent=381768"}],"wp:term":[{"taxonomy":"product_brand","embeddable":true,"href":"https:\/\/grupotextil.es\/ca\/wp-json\/wp\/v2\/product_brand?post=381768"},{"taxonomy":"product_cat","embeddable":true,"href":"https:\/\/grupotextil.es\/ca\/wp-json\/wp\/v2\/product_cat?post=381768"},{"taxonomy":"product_tag","embeddable":true,"href":"https:\/\/grupotextil.es\/ca\/wp-json\/wp\/v2\/product_tag?post=381768"}],"curies":[{"name":"wp","href":"https:\/\/api.w.org\/{rel}","templated":true}]}}