{"id":382398,"date":"2026-03-08T03:32:08","date_gmt":"2026-03-08T02:32:08","guid":{"rendered":"https:\/\/grupotextil.es\/producto\/chaqueta-dos-materiales-stretch\/"},"modified":"2026-03-08T03:32:08","modified_gmt":"2026-03-08T02:32:08","slug":"chaqueta-dos-materiales-stretch","status":"publish","type":"product","link":"https:\/\/grupotextil.es\/ca\/product\/chaqueta-dos-materiales-stretch\/","title":{"rendered":"Jacket dos materiales Stretch"},"content":{"rendered":"<ul>\n<li>235 g\/m\u00b2<\/li>\n<li>100% poli\u00e9ster (300T)<\/li>\n<li>Paneles laterales y mangas: 90% poli\u00e9ster, 10% elastano<\/li>\n<li>Forro: 100% poli\u00e9ster (380T)<\/li>\n<li>Aislamiento: 100% poli\u00e9ster, acolchado DuPont\u2122<\/li>\n<li>Cuello levantado<\/li>\n<li>Cremallera completa con solapa interior<\/li>\n<li>Paneles laterales y mangas el\u00e1sticos<\/li>\n<li>Dos bolsillos delanteros ocultos con cremalleras<\/li>\n<li>Bolsillo interior<\/li>\n<li>Banda el\u00e1stica en el dobladillo inferior<\/li>\n<li>Ajustado<\/li>\n<\/ul>","protected":false},"excerpt":{"rendered":"<p>235 g\/m\u00b2100% poli\u00e9ster (300T)Paneles laterales y mangas: 90% poli\u00e9ster, 10% elastanoForro: 100% poli\u00e9ster (380T)Aislamiento: 100% poli\u00e9ster, acolchado DuPont\u2122Cuello levantadoCremallera completa con so<\/p>","protected":false},"featured_media":420180,"comment_status":"open","ping_status":"closed","template":"","meta":{"_acf_changed":false},"product_brand":[11671],"product_cat":[13981,13990,13974,13975,13973],"product_tag":[],"class_list":{"0":"post-382398","1":"product","2":"type-product","3":"status-publish","4":"has-post-thumbnail","6":"product_brand-tee-jays","7":"product_cat-h-chaquetas-y-abrigos","8":"product_cat-m-chaquetas-y-abrigos","9":"product_cat-ropa-hombre","10":"product_cat-ropa-mujer","11":"product_cat-ropa","12":"tm-no-options","14":"first","15":"instock","16":"taxable","17":"shipping-taxable","18":"product-type-variable"},"acf":[],"_links":{"self":[{"href":"https:\/\/grupotextil.es\/ca\/wp-json\/wp\/v2\/product\/382398","targetHints":{"allow":["GET"]}}],"collection":[{"href":"https:\/\/grupotextil.es\/ca\/wp-json\/wp\/v2\/product"}],"about":[{"href":"https:\/\/grupotextil.es\/ca\/wp-json\/wp\/v2\/types\/product"}],"replies":[{"embeddable":true,"href":"https:\/\/grupotextil.es\/ca\/wp-json\/wp\/v2\/comments?post=382398"}],"wp:featuredmedia":[{"embeddable":true,"href":"https:\/\/grupotextil.es\/ca\/wp-json\/wp\/v2\/media\/420180"}],"wp:attachment":[{"href":"https:\/\/grupotextil.es\/ca\/wp-json\/wp\/v2\/media?parent=382398"}],"wp:term":[{"taxonomy":"product_brand","embeddable":true,"href":"https:\/\/grupotextil.es\/ca\/wp-json\/wp\/v2\/product_brand?post=382398"},{"taxonomy":"product_cat","embeddable":true,"href":"https:\/\/grupotextil.es\/ca\/wp-json\/wp\/v2\/product_cat?post=382398"},{"taxonomy":"product_tag","embeddable":true,"href":"https:\/\/grupotextil.es\/ca\/wp-json\/wp\/v2\/product_tag?post=382398"}],"curies":[{"name":"wp","href":"https:\/\/api.w.org\/{rel}","templated":true}]}}