{"id":382419,"date":"2026-03-08T03:32:09","date_gmt":"2026-03-08T02:32:09","guid":{"rendered":"https:\/\/grupotextil.es\/producto\/chaqueta-universitaria\/"},"modified":"2026-03-08T03:32:09","modified_gmt":"2026-03-08T02:32:09","slug":"chaqueta-universitaria","status":"publish","type":"product","link":"https:\/\/grupotextil.es\/ca\/product\/chaqueta-universitaria\/","title":{"rendered":"Jacket Universitaria"},"content":{"rendered":"<ul>\n<li>300 g\/m\u00b2<\/li>\n<li>80% algod\u00f3n, 20% poli\u00e9ster<\/li>\n<li>Sport Grey: 70% algod\u00f3n, 30% poli\u00e9ster<\/li>\n<li>No desti\u00f1e<\/li>\n<li>Encintado en la parte posterior del cuello<\/li>\n<li>Mangas en contraste<\/li>\n<li>Corchetes en contraste<\/li>\n<li>Puntos de doble aguja<\/li>\n<li>Bolsillos laterales de ojal en contraste<\/li>\n<li>Estilo unisex<\/li>\n<\/ul>","protected":false},"excerpt":{"rendered":"<p>300 g\/m\u00b280% algod\u00f3n, 20% poli\u00e9sterSport Grey: 70% algod\u00f3n, 30% poli\u00e9sterNo desti\u00f1eEncintado en la parte posterior del cuelloMangas en contrasteCorchetes en contrastePuntos de doble agujaBolsillos late<\/p>","protected":false},"featured_media":420196,"comment_status":"open","ping_status":"closed","template":"","meta":{"_acf_changed":false},"product_brand":[11677],"product_cat":[13981,13990,13974,13975,13973],"product_tag":[],"class_list":{"0":"post-382419","1":"product","2":"type-product","3":"status-publish","4":"has-post-thumbnail","6":"product_brand-fdm","7":"product_cat-h-chaquetas-y-abrigos","8":"product_cat-m-chaquetas-y-abrigos","9":"product_cat-ropa-hombre","10":"product_cat-ropa-mujer","11":"product_cat-ropa","12":"tm-no-options","14":"first","15":"instock","16":"taxable","17":"shipping-taxable","18":"product-type-variable"},"acf":[],"_links":{"self":[{"href":"https:\/\/grupotextil.es\/ca\/wp-json\/wp\/v2\/product\/382419","targetHints":{"allow":["GET"]}}],"collection":[{"href":"https:\/\/grupotextil.es\/ca\/wp-json\/wp\/v2\/product"}],"about":[{"href":"https:\/\/grupotextil.es\/ca\/wp-json\/wp\/v2\/types\/product"}],"replies":[{"embeddable":true,"href":"https:\/\/grupotextil.es\/ca\/wp-json\/wp\/v2\/comments?post=382419"}],"wp:featuredmedia":[{"embeddable":true,"href":"https:\/\/grupotextil.es\/ca\/wp-json\/wp\/v2\/media\/420196"}],"wp:attachment":[{"href":"https:\/\/grupotextil.es\/ca\/wp-json\/wp\/v2\/media?parent=382419"}],"wp:term":[{"taxonomy":"product_brand","embeddable":true,"href":"https:\/\/grupotextil.es\/ca\/wp-json\/wp\/v2\/product_brand?post=382419"},{"taxonomy":"product_cat","embeddable":true,"href":"https:\/\/grupotextil.es\/ca\/wp-json\/wp\/v2\/product_cat?post=382419"},{"taxonomy":"product_tag","embeddable":true,"href":"https:\/\/grupotextil.es\/ca\/wp-json\/wp\/v2\/product_tag?post=382419"}],"curies":[{"name":"wp","href":"https:\/\/api.w.org\/{rel}","templated":true}]}}