{"id":382487,"date":"2026-03-08T03:32:11","date_gmt":"2026-03-08T02:32:11","guid":{"rendered":"https:\/\/grupotextil.es\/producto\/chaqueta-kingsley-3-en-1-mujer\/"},"modified":"2026-03-08T03:32:11","modified_gmt":"2026-03-08T02:32:11","slug":"chaqueta-kingsley-3-en-1-mujer","status":"publish","type":"product","link":"https:\/\/grupotextil.es\/ca\/product\/chaqueta-kingsley-3-en-1-mujer\/","title":{"rendered":"Chaqueta Kingsley 3 en 1 mujer"},"content":{"rendered":"<ul>\n<li>Exterior: 100% poli\u00e9ster reciclado<\/li>\n<li>Forro: 100% poli\u00e9ster (tafet\u00e1n) y malla<\/li>\n<li>Impermeable y transpirable ISOTEX 10000<\/li>\n<li>Repele el agua. Muy resistente<\/li>\n<li>Costuras selladas<\/li>\n<li>Softshell interior<\/li>\n<li>Capucha oculta ajustable<\/li>\n<li>2 bolsillos laterales con cremallera, 1 bolsillo con cremallera en el pecho<\/li>\n<li>Cremallera entera con doble solapa<\/li>\n<li>Pu\u00f1os ajustables<\/li>\n<li>Dobladillo con cord\u00f3n el\u00e1stico ajustable<\/li>\n<li>Corte femenino<\/li>\n<li>Cremallera oculta en el interior para acceso al bordado<\/li>\n<\/ul>","protected":false},"excerpt":{"rendered":"<p>Exterior: 100% poli\u00e9ster recicladoForro: 100% poli\u00e9ster (tafet\u00e1n) y mallaImpermeable y transpirable ISOTEX 10000Repele el agua.<\/p>","protected":false},"featured_media":420243,"comment_status":"open","ping_status":"closed","template":"","meta":{"_acf_changed":false},"product_brand":[11656],"product_cat":[13981,13990,13974,13975,13973],"product_tag":[],"class_list":{"0":"post-382487","1":"product","2":"type-product","3":"status-publish","4":"has-post-thumbnail","6":"product_brand-regatta","7":"product_cat-h-chaquetas-y-abrigos","8":"product_cat-m-chaquetas-y-abrigos","9":"product_cat-ropa-hombre","10":"product_cat-ropa-mujer","11":"product_cat-ropa","12":"tm-no-options","14":"first","15":"instock","16":"taxable","17":"shipping-taxable","18":"product-type-variable"},"acf":[],"_links":{"self":[{"href":"https:\/\/grupotextil.es\/ca\/wp-json\/wp\/v2\/product\/382487","targetHints":{"allow":["GET"]}}],"collection":[{"href":"https:\/\/grupotextil.es\/ca\/wp-json\/wp\/v2\/product"}],"about":[{"href":"https:\/\/grupotextil.es\/ca\/wp-json\/wp\/v2\/types\/product"}],"replies":[{"embeddable":true,"href":"https:\/\/grupotextil.es\/ca\/wp-json\/wp\/v2\/comments?post=382487"}],"wp:featuredmedia":[{"embeddable":true,"href":"https:\/\/grupotextil.es\/ca\/wp-json\/wp\/v2\/media\/420243"}],"wp:attachment":[{"href":"https:\/\/grupotextil.es\/ca\/wp-json\/wp\/v2\/media?parent=382487"}],"wp:term":[{"taxonomy":"product_brand","embeddable":true,"href":"https:\/\/grupotextil.es\/ca\/wp-json\/wp\/v2\/product_brand?post=382487"},{"taxonomy":"product_cat","embeddable":true,"href":"https:\/\/grupotextil.es\/ca\/wp-json\/wp\/v2\/product_cat?post=382487"},{"taxonomy":"product_tag","embeddable":true,"href":"https:\/\/grupotextil.es\/ca\/wp-json\/wp\/v2\/product_tag?post=382487"}],"curies":[{"name":"wp","href":"https:\/\/api.w.org\/{rel}","templated":true}]}}