{"id":382691,"date":"2026-03-08T03:33:21","date_gmt":"2026-03-08T02:33:21","guid":{"rendered":"https:\/\/grupotextil.es\/producto\/chaleco-softshell\/"},"modified":"2026-03-08T03:33:21","modified_gmt":"2026-03-08T02:33:21","slug":"chaleco-softshell","status":"publish","type":"product","link":"https:\/\/grupotextil.es\/ca\/product\/chaleco-softshell\/","title":{"rendered":"Vest Softshell"},"content":{"rendered":"<ul>\n<li>300 g\/m\u00b2<\/li>\n<li>Exterior: 93% poli\u00e9ster reciclado, 7% elast\u00e1n<\/li>\n<li>Capa intermedia: transpirable, resistente al viento e impermeable (membrana TPU)<\/li>\n<li>Capa interior: 100% poli\u00e9ster (micropolar)<\/li>\n<li>Transpirable (1.000 g\/m\u00b2 en 24h)<\/li>\n<li>Impermeable (8.000 mm) y protege del viento<\/li>\n<li>Cremallera YKK entera<\/li>\n<li>Varios bolsillos<\/li>\n<li>Dobladillo inferior y sisas con cord\u00f3n ajustable<\/li>\n<li>Apropiado para bordar.<\/li>\n<\/ul>","protected":false},"excerpt":{"rendered":"<p>300 g\/m\u00b2Exterior: 93% poli\u00e9ster reciclado, 7% elast\u00e1nCapa intermedia: transpirable, resistente al viento e impermeable (membrana TPU)Capa interior: 100% poli\u00e9ster (micropolar)Transpirable (1.<\/p>","protected":false},"featured_media":420365,"comment_status":"open","ping_status":"closed","template":"","meta":{"_acf_changed":false},"product_brand":[11669],"product_cat":[13981,13990,13974,13975,13973],"product_tag":[],"class_list":{"0":"post-382691","1":"product","2":"type-product","3":"status-publish","4":"has-post-thumbnail","6":"product_brand-result","7":"product_cat-h-chaquetas-y-abrigos","8":"product_cat-m-chaquetas-y-abrigos","9":"product_cat-ropa-hombre","10":"product_cat-ropa-mujer","11":"product_cat-ropa","12":"tm-no-options","14":"first","15":"instock","16":"taxable","17":"shipping-taxable","18":"product-type-variable"},"acf":[],"_links":{"self":[{"href":"https:\/\/grupotextil.es\/ca\/wp-json\/wp\/v2\/product\/382691","targetHints":{"allow":["GET"]}}],"collection":[{"href":"https:\/\/grupotextil.es\/ca\/wp-json\/wp\/v2\/product"}],"about":[{"href":"https:\/\/grupotextil.es\/ca\/wp-json\/wp\/v2\/types\/product"}],"replies":[{"embeddable":true,"href":"https:\/\/grupotextil.es\/ca\/wp-json\/wp\/v2\/comments?post=382691"}],"wp:featuredmedia":[{"embeddable":true,"href":"https:\/\/grupotextil.es\/ca\/wp-json\/wp\/v2\/media\/420365"}],"wp:attachment":[{"href":"https:\/\/grupotextil.es\/ca\/wp-json\/wp\/v2\/media?parent=382691"}],"wp:term":[{"taxonomy":"product_brand","embeddable":true,"href":"https:\/\/grupotextil.es\/ca\/wp-json\/wp\/v2\/product_brand?post=382691"},{"taxonomy":"product_cat","embeddable":true,"href":"https:\/\/grupotextil.es\/ca\/wp-json\/wp\/v2\/product_cat?post=382691"},{"taxonomy":"product_tag","embeddable":true,"href":"https:\/\/grupotextil.es\/ca\/wp-json\/wp\/v2\/product_tag?post=382691"}],"curies":[{"name":"wp","href":"https:\/\/api.w.org\/{rel}","templated":true}]}}