{"id":382755,"date":"2026-03-08T03:33:57","date_gmt":"2026-03-08T02:33:57","guid":{"rendered":"https:\/\/grupotextil.es\/producto\/chaleco-softshell-mujer\/"},"modified":"2026-03-08T03:33:57","modified_gmt":"2026-03-08T02:33:57","slug":"chaleco-softshell-mujer","status":"publish","type":"product","link":"https:\/\/grupotextil.es\/ca\/product\/chaleco-softshell-mujer\/","title":{"rendered":"Chaleco Softshell mujer"},"content":{"rendered":"<ul>\n<li>340 g\/m\u00b2<\/li>\n<li>92% poli\u00e9ster, 8% elast\u00e1n<\/li>\n<li>Forro: 100% poli\u00e9ster micropolar<\/li>\n<li>Softshell de 3 capas transpirable y con forro micropolar<\/li>\n<li>A prueba de viento<\/li>\n<li>Impermeable (5.000 mm)<\/li>\n<li>Cremallera entera con protecci\u00f3n de barbilla<\/li>\n<li>Pinzas decorativas estilo ragl\u00e1n<\/li>\n<li>Bolsillos laterales y bolsillo en el pecho con forro interior, cremalleras invertidas.<\/li>\n<li>Bajo ajustable con cord\u00f3n<\/li>\n<li>Espalda m\u00e1s larga<\/li>\n<li>Corte femenino ajustado<\/li>\n<\/ul>","protected":false},"excerpt":{"rendered":"<p>340 g\/m\u00b292% poli\u00e9ster, 8% elast\u00e1nForro: 100% poli\u00e9ster micropolarSoftshell de 3 capas transpirable y con forro micropolarA prueba de vientoImpermeable (5.<\/p>","protected":false},"featured_media":420394,"comment_status":"open","ping_status":"closed","template":"","meta":{"_acf_changed":false},"product_brand":[11670],"product_cat":[13938],"product_tag":[],"class_list":{"0":"post-382755","1":"product","2":"type-product","3":"status-publish","4":"has-post-thumbnail","6":"product_brand-russell-europe","7":"product_cat-camisas-corporativas","8":"tm-no-options","10":"first","11":"instock","12":"taxable","13":"shipping-taxable","14":"product-type-variable"},"acf":[],"_links":{"self":[{"href":"https:\/\/grupotextil.es\/ca\/wp-json\/wp\/v2\/product\/382755","targetHints":{"allow":["GET"]}}],"collection":[{"href":"https:\/\/grupotextil.es\/ca\/wp-json\/wp\/v2\/product"}],"about":[{"href":"https:\/\/grupotextil.es\/ca\/wp-json\/wp\/v2\/types\/product"}],"replies":[{"embeddable":true,"href":"https:\/\/grupotextil.es\/ca\/wp-json\/wp\/v2\/comments?post=382755"}],"wp:featuredmedia":[{"embeddable":true,"href":"https:\/\/grupotextil.es\/ca\/wp-json\/wp\/v2\/media\/420394"}],"wp:attachment":[{"href":"https:\/\/grupotextil.es\/ca\/wp-json\/wp\/v2\/media?parent=382755"}],"wp:term":[{"taxonomy":"product_brand","embeddable":true,"href":"https:\/\/grupotextil.es\/ca\/wp-json\/wp\/v2\/product_brand?post=382755"},{"taxonomy":"product_cat","embeddable":true,"href":"https:\/\/grupotextil.es\/ca\/wp-json\/wp\/v2\/product_cat?post=382755"},{"taxonomy":"product_tag","embeddable":true,"href":"https:\/\/grupotextil.es\/ca\/wp-json\/wp\/v2\/product_tag?post=382755"}],"curies":[{"name":"wp","href":"https:\/\/api.w.org\/{rel}","templated":true}]}}