{"id":383119,"date":"2026-03-08T03:36:20","date_gmt":"2026-03-08T02:36:20","guid":{"rendered":"https:\/\/grupotextil.es\/producto\/chaqueta-softshell-orbiter\/"},"modified":"2026-03-08T03:36:20","modified_gmt":"2026-03-08T02:36:20","slug":"chaqueta-softshell-orbiter","status":"publish","type":"product","link":"https:\/\/grupotextil.es\/ca\/product\/chaqueta-softshell-orbiter\/","title":{"rendered":"Jacket Softshell Orbiter"},"content":{"rendered":"<ul>\n<li>275 g\/m\u00b2<\/li>\n<li>92% poli\u00e9ster, 8% elastano<\/li>\n<li>Mezclado con 100% poli\u00e9ster (vell\u00f3n)<\/li>\n<li>Impermeable<\/li>\n<li>Cremallera entera cosida al reverso con solapa interior y protector de barbilla<\/li>\n<li>Forro de bolsillo de tricot cepillado<\/li>\n<li>Bolsillos laterales con cremallera.<\/li>\n<li>Este producto est\u00e1 respaldado por una garant\u00eda de 5 a\u00f1os.<\/li>\n<\/ul>","protected":false},"excerpt":{"rendered":"<p>275 g\/m\u00b292% poli\u00e9ster, 8% elastanoMezclado con 100% poli\u00e9ster (vell\u00f3n)ImpermeableCremallera entera cosida al reverso con solapa interior y protector de barbillaForro de bolsillo de tricot cepillado&#8230;<\/p>","protected":false},"featured_media":420519,"comment_status":"open","ping_status":"closed","template":"","meta":{"_acf_changed":false},"product_brand":[11664],"product_cat":[13981,13990,13974,13975,13973],"product_tag":[14009],"class_list":{"0":"post-383119","1":"product","2":"type-product","3":"status-publish","4":"has-post-thumbnail","6":"product_brand-stormtech","7":"product_cat-h-chaquetas-y-abrigos","8":"product_cat-m-chaquetas-y-abrigos","9":"product_cat-ropa-hombre","10":"product_cat-ropa-mujer","11":"product_cat-ropa","12":"product_tag-top-ventas","13":"tm-no-options","15":"first","16":"instock","17":"taxable","18":"shipping-taxable","19":"product-type-variable"},"acf":[],"_links":{"self":[{"href":"https:\/\/grupotextil.es\/ca\/wp-json\/wp\/v2\/product\/383119","targetHints":{"allow":["GET"]}}],"collection":[{"href":"https:\/\/grupotextil.es\/ca\/wp-json\/wp\/v2\/product"}],"about":[{"href":"https:\/\/grupotextil.es\/ca\/wp-json\/wp\/v2\/types\/product"}],"replies":[{"embeddable":true,"href":"https:\/\/grupotextil.es\/ca\/wp-json\/wp\/v2\/comments?post=383119"}],"wp:featuredmedia":[{"embeddable":true,"href":"https:\/\/grupotextil.es\/ca\/wp-json\/wp\/v2\/media\/420519"}],"wp:attachment":[{"href":"https:\/\/grupotextil.es\/ca\/wp-json\/wp\/v2\/media?parent=383119"}],"wp:term":[{"taxonomy":"product_brand","embeddable":true,"href":"https:\/\/grupotextil.es\/ca\/wp-json\/wp\/v2\/product_brand?post=383119"},{"taxonomy":"product_cat","embeddable":true,"href":"https:\/\/grupotextil.es\/ca\/wp-json\/wp\/v2\/product_cat?post=383119"},{"taxonomy":"product_tag","embeddable":true,"href":"https:\/\/grupotextil.es\/ca\/wp-json\/wp\/v2\/product_tag?post=383119"}],"curies":[{"name":"wp","href":"https:\/\/api.w.org\/{rel}","templated":true}]}}