{"id":383141,"date":"2026-03-08T03:36:22","date_gmt":"2026-03-08T02:36:22","guid":{"rendered":"https:\/\/grupotextil.es\/producto\/chaqueta-softshell-orbiter-mujer\/"},"modified":"2026-03-08T03:36:22","modified_gmt":"2026-03-08T02:36:22","slug":"chaqueta-softshell-orbiter-mujer","status":"publish","type":"product","link":"https:\/\/grupotextil.es\/ca\/product\/chaqueta-softshell-orbiter-mujer\/","title":{"rendered":"Chaqueta Softshell Orbiter mujer"},"content":{"rendered":"<ul>\n<li>275 g\/m\u00b2<\/li>\n<li>92% poli\u00e9ster, 8% elastano<\/li>\n<li>Mezclado con 100% poli\u00e9ster (vell\u00f3n)<\/li>\n<li>Impermeable<\/li>\n<li>Cremallera entera cosida al reverso con solapa interior y protector de barbilla<\/li>\n<li>Forro de bolsillo de tricot cepillado<\/li>\n<li>Bolsillos laterales con cremallera<\/li>\n<li>Ajuste en forma.<\/li>\n<li>Este producto est\u00e1 respaldado por una garant\u00eda de 5 a\u00f1os.<\/li>\n<\/ul>","protected":false},"excerpt":{"rendered":"<p>275 g\/m\u00b292% poli\u00e9ster, 8% elastanoMezclado con 100% poli\u00e9ster (vell\u00f3n)ImpermeableCremallera entera cosida al reverso con solapa interior y protector de barbillaForro de bolsillo de tricot cepillado&#8230;<\/p>","protected":false},"featured_media":420533,"comment_status":"open","ping_status":"closed","template":"","meta":{"_acf_changed":false},"product_brand":[11664],"product_cat":[13981,13990,13974,13975,13973],"product_tag":[],"class_list":{"0":"post-383141","1":"product","2":"type-product","3":"status-publish","4":"has-post-thumbnail","6":"product_brand-stormtech","7":"product_cat-h-chaquetas-y-abrigos","8":"product_cat-m-chaquetas-y-abrigos","9":"product_cat-ropa-hombre","10":"product_cat-ropa-mujer","11":"product_cat-ropa","12":"tm-no-options","14":"first","15":"instock","16":"taxable","17":"shipping-taxable","18":"product-type-variable"},"acf":[],"_links":{"self":[{"href":"https:\/\/grupotextil.es\/ca\/wp-json\/wp\/v2\/product\/383141","targetHints":{"allow":["GET"]}}],"collection":[{"href":"https:\/\/grupotextil.es\/ca\/wp-json\/wp\/v2\/product"}],"about":[{"href":"https:\/\/grupotextil.es\/ca\/wp-json\/wp\/v2\/types\/product"}],"replies":[{"embeddable":true,"href":"https:\/\/grupotextil.es\/ca\/wp-json\/wp\/v2\/comments?post=383141"}],"wp:featuredmedia":[{"embeddable":true,"href":"https:\/\/grupotextil.es\/ca\/wp-json\/wp\/v2\/media\/420533"}],"wp:attachment":[{"href":"https:\/\/grupotextil.es\/ca\/wp-json\/wp\/v2\/media?parent=383141"}],"wp:term":[{"taxonomy":"product_brand","embeddable":true,"href":"https:\/\/grupotextil.es\/ca\/wp-json\/wp\/v2\/product_brand?post=383141"},{"taxonomy":"product_cat","embeddable":true,"href":"https:\/\/grupotextil.es\/ca\/wp-json\/wp\/v2\/product_cat?post=383141"},{"taxonomy":"product_tag","embeddable":true,"href":"https:\/\/grupotextil.es\/ca\/wp-json\/wp\/v2\/product_tag?post=383141"}],"curies":[{"name":"wp","href":"https:\/\/api.w.org\/{rel}","templated":true}]}}