{"id":383174,"date":"2026-03-08T03:36:26","date_gmt":"2026-03-08T02:36:26","guid":{"rendered":"https:\/\/grupotextil.es\/producto\/chaleco-termico-nautilus-mujer\/"},"modified":"2026-03-08T03:36:26","modified_gmt":"2026-03-08T02:36:26","slug":"chaleco-termico-nautilus-mujer","status":"publish","type":"product","link":"https:\/\/grupotextil.es\/ca\/product\/chaleco-termico-nautilus-mujer\/","title":{"rendered":"Chaleco T\u00e9rmico Nautilus mujer"},"content":{"rendered":"<ul>\n<li>78 g\/m\u00b2<\/li>\n<li>100% poli\u00e9ster (Pongee)<\/li>\n<li>Cuerpo acolchado con forro ultra suave<\/li>\n<li>Impermeable (600 mm) y transpirable (1.000 g\/m\u00b2)<\/li>\n<li>Cremallera completa con solapa interior y protector de barbilla<\/li>\n<li>Bolsillos laterales con cremallera<\/li>\n<li>Dobladillo ajustable<\/li>\n<li>Ajuste en forma.<\/li>\n<li>Este producto est\u00e1 respaldado por una garant\u00eda de 5 a\u00f1os.<\/li>\n<\/ul>","protected":false},"excerpt":{"rendered":"<p>78 g\/m\u00b2100% poli\u00e9ster (Pongee)Cuerpo acolchado con forro ultra suaveImpermeable (600 mm) y transpirable (1.<\/p>","protected":false},"featured_media":420555,"comment_status":"open","ping_status":"closed","template":"","meta":{"_acf_changed":false},"product_brand":[11664],"product_cat":[13974,13975,13973,13980,13989],"product_tag":[14009],"class_list":{"0":"post-383174","1":"product","2":"type-product","3":"status-publish","4":"has-post-thumbnail","6":"product_brand-stormtech","7":"product_cat-ropa-hombre","8":"product_cat-ropa-mujer","9":"product_cat-ropa","10":"product_cat-h-sudaderas","11":"product_cat-m-sudaderas","12":"product_tag-top-ventas","13":"tm-no-options","15":"first","16":"instock","17":"taxable","18":"shipping-taxable","19":"product-type-variable"},"acf":[],"_links":{"self":[{"href":"https:\/\/grupotextil.es\/ca\/wp-json\/wp\/v2\/product\/383174","targetHints":{"allow":["GET"]}}],"collection":[{"href":"https:\/\/grupotextil.es\/ca\/wp-json\/wp\/v2\/product"}],"about":[{"href":"https:\/\/grupotextil.es\/ca\/wp-json\/wp\/v2\/types\/product"}],"replies":[{"embeddable":true,"href":"https:\/\/grupotextil.es\/ca\/wp-json\/wp\/v2\/comments?post=383174"}],"wp:featuredmedia":[{"embeddable":true,"href":"https:\/\/grupotextil.es\/ca\/wp-json\/wp\/v2\/media\/420555"}],"wp:attachment":[{"href":"https:\/\/grupotextil.es\/ca\/wp-json\/wp\/v2\/media?parent=383174"}],"wp:term":[{"taxonomy":"product_brand","embeddable":true,"href":"https:\/\/grupotextil.es\/ca\/wp-json\/wp\/v2\/product_brand?post=383174"},{"taxonomy":"product_cat","embeddable":true,"href":"https:\/\/grupotextil.es\/ca\/wp-json\/wp\/v2\/product_cat?post=383174"},{"taxonomy":"product_tag","embeddable":true,"href":"https:\/\/grupotextil.es\/ca\/wp-json\/wp\/v2\/product_tag?post=383174"}],"curies":[{"name":"wp","href":"https:\/\/api.w.org\/{rel}","templated":true}]}}