{"id":383309,"date":"2026-03-08T03:36:36","date_gmt":"2026-03-08T02:36:36","guid":{"rendered":"https:\/\/grupotextil.es\/producto\/chaqueta-matrix-system-mujer\/"},"modified":"2026-03-08T03:36:36","modified_gmt":"2026-03-08T02:36:36","slug":"chaqueta-matrix-system-mujer","status":"publish","type":"product","link":"https:\/\/grupotextil.es\/ca\/product\/chaqueta-matrix-system-mujer\/","title":{"rendered":"Chaqueta Matrix System mujer"},"content":{"rendered":"<ul>\n<li>240 g\/m\u00b2<\/li>\n<li>100% poli\u00e9ster<\/li>\n<li>Chaqueta 3-en-1 impermeable (10,000 mm) y transpirable (3,000 g\/m\u00b2 en 24h)<\/li>\n<li>Capucha extra\u00edble<\/li>\n<li>Cremallera entera con solapa interior cortaviento<\/li>\n<li>Bolsillos laterales y bolsillo en el pecho con cremallera impermeable<\/li>\n<li>Dobladillo y pu\u00f1os ajustables<\/li>\n<li>Costuras selladas<\/li>\n<li>Chaqueta acolchada interna se puede abrir y cerrar con cremallera<\/li>\n<li>Adecuada para climas fr\u00edos (0\u00ba a -20\u00baC)<\/li>\n<li>Ajustada<\/li>\n<li>Este producto est\u00e1 respaldado por una garant\u00eda de 5 a\u00f1os.<\/li>\n<\/ul>","protected":false},"excerpt":{"rendered":"<p>240 g\/m\u00b2100% poli\u00e9sterChaqueta 3-en-1 impermeable (10,000 mm) y transpirable (3,000 g\/m\u00b2 en 24h)Capucha extra\u00edbleCremallera entera con solapa interior cortavientoBolsillos laterales y bolsillo en e&#8230;<\/p>","protected":false},"featured_media":420618,"comment_status":"open","ping_status":"closed","template":"","meta":{"_acf_changed":false},"product_brand":[11664],"product_cat":[13981,13990,13974,13975,13973],"product_tag":[],"class_list":{"0":"post-383309","1":"product","2":"type-product","3":"status-publish","4":"has-post-thumbnail","6":"product_brand-stormtech","7":"product_cat-h-chaquetas-y-abrigos","8":"product_cat-m-chaquetas-y-abrigos","9":"product_cat-ropa-hombre","10":"product_cat-ropa-mujer","11":"product_cat-ropa","12":"tm-no-options","14":"first","15":"instock","16":"taxable","17":"shipping-taxable","18":"product-type-variable"},"acf":[],"_links":{"self":[{"href":"https:\/\/grupotextil.es\/ca\/wp-json\/wp\/v2\/product\/383309","targetHints":{"allow":["GET"]}}],"collection":[{"href":"https:\/\/grupotextil.es\/ca\/wp-json\/wp\/v2\/product"}],"about":[{"href":"https:\/\/grupotextil.es\/ca\/wp-json\/wp\/v2\/types\/product"}],"replies":[{"embeddable":true,"href":"https:\/\/grupotextil.es\/ca\/wp-json\/wp\/v2\/comments?post=383309"}],"wp:featuredmedia":[{"embeddable":true,"href":"https:\/\/grupotextil.es\/ca\/wp-json\/wp\/v2\/media\/420618"}],"wp:attachment":[{"href":"https:\/\/grupotextil.es\/ca\/wp-json\/wp\/v2\/media?parent=383309"}],"wp:term":[{"taxonomy":"product_brand","embeddable":true,"href":"https:\/\/grupotextil.es\/ca\/wp-json\/wp\/v2\/product_brand?post=383309"},{"taxonomy":"product_cat","embeddable":true,"href":"https:\/\/grupotextil.es\/ca\/wp-json\/wp\/v2\/product_cat?post=383309"},{"taxonomy":"product_tag","embeddable":true,"href":"https:\/\/grupotextil.es\/ca\/wp-json\/wp\/v2\/product_tag?post=383309"}],"curies":[{"name":"wp","href":"https:\/\/api.w.org\/{rel}","templated":true}]}}