{"id":383494,"date":"2026-03-08T03:36:43","date_gmt":"2026-03-08T02:36:43","guid":{"rendered":"https:\/\/grupotextil.es\/producto\/softshell-epsilon-2-hombre\/"},"modified":"2026-03-08T03:36:43","modified_gmt":"2026-03-08T02:36:43","slug":"softshell-epsilon-2-hombre","status":"publish","type":"product","link":"https:\/\/grupotextil.es\/ca\/product\/softshell-epsilon-2-hombre\/","title":{"rendered":"Softshell Epsilon 2 hombre"},"content":{"rendered":"<ul>\n<li>305 g\/m\u00b2 (Sarga Charcoal: 360 g\/m\u00b2)<\/li>\n<li>95% nylon, 5% elastano (Ripstop)<\/li>\n<li>Sarga Charcoal: 100% poli\u00e9ster<\/li>\n<li>Unido con micropolar 100% poli\u00e9ster<\/li>\n<li>Tejido el\u00e1stico y resistente<\/li>\n<li>Impermeable y transpirable<\/li>\n<li>Capucha<\/li>\n<li>Cremallera entera con protector de barbilla<\/li>\n<li>Bolsillos en el pecho con cremallera<\/li>\n<li>Posibilidad de a\u00f1adir auriculares<\/li>\n<li>Bolsillos laterales con cremallera<\/li>\n<li>Pu\u00f1os ajustables<\/li>\n<li>Este producto est\u00e1 respaldado por una garant\u00eda de 5 a\u00f1os.<\/li>\n<\/ul>","protected":false},"excerpt":{"rendered":"<p>305 g\/m\u00b2 (Sarga Charcoal: 360 g\/m\u00b2)95% nylon, 5% elastano (Ripstop)Sarga Charcoal: 100% poli\u00e9sterUnido con micropolar 100% poli\u00e9sterTejido el\u00e1stico y resistenteImpermeable y transpirableCapuchaCrem&#8230;<\/p>","protected":false},"featured_media":420779,"comment_status":"open","ping_status":"closed","template":"","meta":{"_acf_changed":false},"product_brand":[11664],"product_cat":[13981,13990,13974,13975,13973],"product_tag":[],"class_list":{"0":"post-383494","1":"product","2":"type-product","3":"status-publish","4":"has-post-thumbnail","6":"product_brand-stormtech","7":"product_cat-h-chaquetas-y-abrigos","8":"product_cat-m-chaquetas-y-abrigos","9":"product_cat-ropa-hombre","10":"product_cat-ropa-mujer","11":"product_cat-ropa","12":"tm-no-options","14":"first","15":"instock","16":"taxable","17":"shipping-taxable","18":"product-type-variable"},"acf":[],"_links":{"self":[{"href":"https:\/\/grupotextil.es\/ca\/wp-json\/wp\/v2\/product\/383494","targetHints":{"allow":["GET"]}}],"collection":[{"href":"https:\/\/grupotextil.es\/ca\/wp-json\/wp\/v2\/product"}],"about":[{"href":"https:\/\/grupotextil.es\/ca\/wp-json\/wp\/v2\/types\/product"}],"replies":[{"embeddable":true,"href":"https:\/\/grupotextil.es\/ca\/wp-json\/wp\/v2\/comments?post=383494"}],"wp:featuredmedia":[{"embeddable":true,"href":"https:\/\/grupotextil.es\/ca\/wp-json\/wp\/v2\/media\/420779"}],"wp:attachment":[{"href":"https:\/\/grupotextil.es\/ca\/wp-json\/wp\/v2\/media?parent=383494"}],"wp:term":[{"taxonomy":"product_brand","embeddable":true,"href":"https:\/\/grupotextil.es\/ca\/wp-json\/wp\/v2\/product_brand?post=383494"},{"taxonomy":"product_cat","embeddable":true,"href":"https:\/\/grupotextil.es\/ca\/wp-json\/wp\/v2\/product_cat?post=383494"},{"taxonomy":"product_tag","embeddable":true,"href":"https:\/\/grupotextil.es\/ca\/wp-json\/wp\/v2\/product_tag?post=383494"}],"curies":[{"name":"wp","href":"https:\/\/api.w.org\/{rel}","templated":true}]}}