{"id":383979,"date":"2026-03-08T03:38:11","date_gmt":"2026-03-08T02:38:11","guid":{"rendered":"https:\/\/grupotextil.es\/producto\/lux-polo-women\/"},"modified":"2026-03-08T03:38:11","modified_gmt":"2026-03-08T02:38:11","slug":"lux-polo-women","status":"publish","type":"product","link":"https:\/\/grupotextil.es\/ca\/product\/lux-polo-women\/","title":{"rendered":"Lux Polo mujer"},"content":{"rendered":"<ul>\n<li>180 g\/m\u00b2<\/li>\n<li>100% Algod\u00f3n, ring-spun y peinado (piqu\u00e9)<\/li>\n<li>Cuello y pu\u00f1os de canal\u00e9<\/li>\n<li>Cinta para el cuello tono sobre tono<\/li>\n<li>Tapeta moderna con 3 botones tono sobre tono.<\/li>\n<li>Costuras laterales<\/li>\n<li>Etiqueta extra\u00edble.<\/li>\n<\/ul>","protected":false},"excerpt":{"rendered":"<p>180 g\/m\u00b2100% Algod\u00f3n, ring-spun y peinado (piqu\u00e9)Cuello y pu\u00f1os de canal\u00e9Cinta para el cuello tono sobre tonoTapeta moderna con 3 botones tono sobre tono.<\/p>","protected":false},"featured_media":420972,"comment_status":"open","ping_status":"closed","template":"","meta":{"_acf_changed":false},"product_brand":[11658],"product_cat":[13974,13975,13979,13988,13973],"product_tag":[],"class_list":{"0":"post-383979","1":"product","2":"type-product","3":"status-publish","4":"has-post-thumbnail","6":"product_brand-stedman","7":"product_cat-ropa-hombre","8":"product_cat-ropa-mujer","9":"product_cat-h-polos","10":"product_cat-m-polos","11":"product_cat-ropa","12":"tm-no-options","14":"first","15":"instock","16":"taxable","17":"shipping-taxable","18":"product-type-variable"},"acf":[],"_links":{"self":[{"href":"https:\/\/grupotextil.es\/ca\/wp-json\/wp\/v2\/product\/383979","targetHints":{"allow":["GET"]}}],"collection":[{"href":"https:\/\/grupotextil.es\/ca\/wp-json\/wp\/v2\/product"}],"about":[{"href":"https:\/\/grupotextil.es\/ca\/wp-json\/wp\/v2\/types\/product"}],"replies":[{"embeddable":true,"href":"https:\/\/grupotextil.es\/ca\/wp-json\/wp\/v2\/comments?post=383979"}],"wp:featuredmedia":[{"embeddable":true,"href":"https:\/\/grupotextil.es\/ca\/wp-json\/wp\/v2\/media\/420972"}],"wp:attachment":[{"href":"https:\/\/grupotextil.es\/ca\/wp-json\/wp\/v2\/media?parent=383979"}],"wp:term":[{"taxonomy":"product_brand","embeddable":true,"href":"https:\/\/grupotextil.es\/ca\/wp-json\/wp\/v2\/product_brand?post=383979"},{"taxonomy":"product_cat","embeddable":true,"href":"https:\/\/grupotextil.es\/ca\/wp-json\/wp\/v2\/product_cat?post=383979"},{"taxonomy":"product_tag","embeddable":true,"href":"https:\/\/grupotextil.es\/ca\/wp-json\/wp\/v2\/product_tag?post=383979"}],"curies":[{"name":"wp","href":"https:\/\/api.w.org\/{rel}","templated":true}]}}