{"id":384111,"date":"2026-03-08T03:39:41","date_gmt":"2026-03-08T02:39:41","guid":{"rendered":"https:\/\/grupotextil.es\/producto\/polo-camiseta-apex\/"},"modified":"2026-03-08T03:39:41","modified_gmt":"2026-03-08T02:39:41","slug":"polo-camiseta-apex","status":"publish","type":"product","link":"https:\/\/grupotextil.es\/ca\/product\/polo-camiseta-apex\/","title":{"rendered":"Polo camiseta Apex"},"content":{"rendered":"<ul>\n<li>200 g\/m\u00b2<\/li>\n<li>50% algod\u00f3n, 50% poli\u00e9ster<\/li>\n<li>Costura doble en los hombros<\/li>\n<li>Cuello alto, etiqueta neutral conla talla en el cuello para f\u00e1cil re-etiquetado<\/li>\n<li>Cuello y mangas en canal\u00e9 1&#215;1<\/li>\n<li>Apertura reforzada con 3 botones y respiradores laterales<\/li>\n<li>Bolsillo interior en pechera con cierre a presi\u00f3n<\/li>\n<li>Ca\u00edda de manga<\/li>\n<li>Costura Overlock con Polyfilm para una estabilidad dimensional<\/li>\n<li>Bot\u00f3n de respuesto<\/li>\n<li>Apropiado para bordado, trasnfer y impresi\u00f3n<\/li>\n<\/ul>","protected":false},"excerpt":{"rendered":"<p>200 g\/m\u00b250% algod\u00f3n, 50% poli\u00e9sterCostura doble en los hombrosCuello alto, etiqueta neutral conla talla en el cuello para f\u00e1cil re-etiquetadoCuello y mangas en canal\u00e9 1x1Apertura reforzada con 3 boton<\/p>","protected":false},"featured_media":420983,"comment_status":"open","ping_status":"closed","template":"","meta":{"_acf_changed":false},"product_brand":[11669],"product_cat":[13974,13975,13979,13988,13973],"product_tag":[],"class_list":{"0":"post-384111","1":"product","2":"type-product","3":"status-publish","4":"has-post-thumbnail","6":"product_brand-result","7":"product_cat-ropa-hombre","8":"product_cat-ropa-mujer","9":"product_cat-h-polos","10":"product_cat-m-polos","11":"product_cat-ropa","12":"tm-no-options","14":"first","15":"instock","16":"taxable","17":"shipping-taxable","18":"product-type-variable"},"acf":[],"_links":{"self":[{"href":"https:\/\/grupotextil.es\/ca\/wp-json\/wp\/v2\/product\/384111","targetHints":{"allow":["GET"]}}],"collection":[{"href":"https:\/\/grupotextil.es\/ca\/wp-json\/wp\/v2\/product"}],"about":[{"href":"https:\/\/grupotextil.es\/ca\/wp-json\/wp\/v2\/types\/product"}],"replies":[{"embeddable":true,"href":"https:\/\/grupotextil.es\/ca\/wp-json\/wp\/v2\/comments?post=384111"}],"wp:featuredmedia":[{"embeddable":true,"href":"https:\/\/grupotextil.es\/ca\/wp-json\/wp\/v2\/media\/420983"}],"wp:attachment":[{"href":"https:\/\/grupotextil.es\/ca\/wp-json\/wp\/v2\/media?parent=384111"}],"wp:term":[{"taxonomy":"product_brand","embeddable":true,"href":"https:\/\/grupotextil.es\/ca\/wp-json\/wp\/v2\/product_brand?post=384111"},{"taxonomy":"product_cat","embeddable":true,"href":"https:\/\/grupotextil.es\/ca\/wp-json\/wp\/v2\/product_cat?post=384111"},{"taxonomy":"product_tag","embeddable":true,"href":"https:\/\/grupotextil.es\/ca\/wp-json\/wp\/v2\/product_tag?post=384111"}],"curies":[{"name":"wp","href":"https:\/\/api.w.org\/{rel}","templated":true}]}}