{"id":384462,"date":"2026-03-08T03:40:31","date_gmt":"2026-03-08T02:40:31","guid":{"rendered":"https:\/\/grupotextil.es\/producto\/eco-polo-authentic\/"},"modified":"2026-03-08T03:40:31","modified_gmt":"2026-03-08T02:40:31","slug":"eco-polo-authentic","status":"publish","type":"product","link":"https:\/\/grupotextil.es\/ca\/product\/eco-polo-authentic\/","title":{"rendered":"Eco Polo Authentic"},"content":{"rendered":"<ul>\n<li>180 g\/m\u00b2<\/li>\n<li>Blanco: 170 g\/m\u00b2<\/li>\n<li>65% Poli\u00e9ster (reciclado), 35% Algod\u00f3n, hilado en anillos<\/li>\n<li>Cuello y pu\u00f1os de punto acanalado.<\/li>\n<li>Tapeta de 2 botones con botones te\u00f1idos a juego<\/li>\n<li>Costuras reforzadas en los hombros con cinta en el cuello.<\/li>\n<li>Lavable hasta 60\u00b0C<\/li>\n<li>Etiqueta desprendible<\/li>\n<li>Ajuste cl\u00e1sico.<\/li>\n<\/ul>","protected":false},"excerpt":{"rendered":"<p>180 g\/m\u00b2Blanco: 170 g\/m\u00b265% Poli\u00e9ster (reciclado), 35% Algod\u00f3n, hilado en anillosCuello y pu\u00f1os de punto acanalado.<\/p>","protected":false},"featured_media":421041,"comment_status":"open","ping_status":"closed","template":"","meta":{"_acf_changed":false},"product_brand":[11670],"product_cat":[13974,13975,13979,13988,13973],"product_tag":[],"class_list":{"0":"post-384462","1":"product","2":"type-product","3":"status-publish","4":"has-post-thumbnail","6":"product_brand-russell-europe","7":"product_cat-ropa-hombre","8":"product_cat-ropa-mujer","9":"product_cat-h-polos","10":"product_cat-m-polos","11":"product_cat-ropa","12":"tm-no-options","14":"first","15":"instock","16":"taxable","17":"shipping-taxable","18":"product-type-variable"},"acf":[],"_links":{"self":[{"href":"https:\/\/grupotextil.es\/ca\/wp-json\/wp\/v2\/product\/384462","targetHints":{"allow":["GET"]}}],"collection":[{"href":"https:\/\/grupotextil.es\/ca\/wp-json\/wp\/v2\/product"}],"about":[{"href":"https:\/\/grupotextil.es\/ca\/wp-json\/wp\/v2\/types\/product"}],"replies":[{"embeddable":true,"href":"https:\/\/grupotextil.es\/ca\/wp-json\/wp\/v2\/comments?post=384462"}],"wp:featuredmedia":[{"embeddable":true,"href":"https:\/\/grupotextil.es\/ca\/wp-json\/wp\/v2\/media\/421041"}],"wp:attachment":[{"href":"https:\/\/grupotextil.es\/ca\/wp-json\/wp\/v2\/media?parent=384462"}],"wp:term":[{"taxonomy":"product_brand","embeddable":true,"href":"https:\/\/grupotextil.es\/ca\/wp-json\/wp\/v2\/product_brand?post=384462"},{"taxonomy":"product_cat","embeddable":true,"href":"https:\/\/grupotextil.es\/ca\/wp-json\/wp\/v2\/product_cat?post=384462"},{"taxonomy":"product_tag","embeddable":true,"href":"https:\/\/grupotextil.es\/ca\/wp-json\/wp\/v2\/product_tag?post=384462"}],"curies":[{"name":"wp","href":"https:\/\/api.w.org\/{rel}","templated":true}]}}