{"id":384780,"date":"2026-03-08T03:42:12","date_gmt":"2026-03-08T02:42:12","guid":{"rendered":"https:\/\/grupotextil.es\/producto\/polo-inspire-mujer\/"},"modified":"2026-03-08T03:42:12","modified_gmt":"2026-03-08T02:42:12","slug":"polo-inspire-mujer","status":"publish","type":"product","link":"https:\/\/grupotextil.es\/ca\/product\/polo-inspire-mujer\/","title":{"rendered":"Polo Inspire mujer"},"content":{"rendered":"<ul>\n<li>170 g\/m\u00b2<\/li>\n<li>100% algod\u00f3n (peinado ring-spun, org\u00e1nico certificado u org\u00e1nico en conversi\u00f3n)<\/li>\n<li>Heather Grey: 90% algod\u00f3n (peinado ring-spun, Better Cotton), 10% viscosa<\/li>\n<li>Cuello encintado<\/li>\n<li>Cuello y pu\u00f1os el\u00e1sticos en canal\u00e9<\/li>\n<li>Tapeta de 2 botones<\/li>\n<li>Costuras laterales<\/li>\n<li>Sistema B&amp;C No Label, perfecto para re-etiquetar<\/li>\n<li>Lavable hasta 40\u00b0C<\/li>\n<li>Corte normal<\/li>\n<\/ul>","protected":false},"excerpt":{"rendered":"<p>170 g\/m\u00b2100% algod\u00f3n (peinado ring-spun, org\u00e1nico certificado u org\u00e1nico en conversi\u00f3n)Heather Grey: 90% algod\u00f3n (peinado ring-spun, Better Cotton), 10% viscosaCuello encintadoCuello y pu\u00f1os el\u00e1sticos<\/p>","protected":false},"featured_media":421107,"comment_status":"open","ping_status":"closed","template":"","meta":{"_acf_changed":false},"product_brand":[11653],"product_cat":[13974,13975,13979,13988,13973],"product_tag":[],"class_list":{"0":"post-384780","1":"product","2":"type-product","3":"status-publish","4":"has-post-thumbnail","6":"product_brand-b-c","7":"product_cat-ropa-hombre","8":"product_cat-ropa-mujer","9":"product_cat-h-polos","10":"product_cat-m-polos","11":"product_cat-ropa","12":"tm-no-options","14":"first","15":"instock","16":"taxable","17":"shipping-taxable","18":"product-type-variable"},"acf":[],"_links":{"self":[{"href":"https:\/\/grupotextil.es\/ca\/wp-json\/wp\/v2\/product\/384780","targetHints":{"allow":["GET"]}}],"collection":[{"href":"https:\/\/grupotextil.es\/ca\/wp-json\/wp\/v2\/product"}],"about":[{"href":"https:\/\/grupotextil.es\/ca\/wp-json\/wp\/v2\/types\/product"}],"replies":[{"embeddable":true,"href":"https:\/\/grupotextil.es\/ca\/wp-json\/wp\/v2\/comments?post=384780"}],"wp:featuredmedia":[{"embeddable":true,"href":"https:\/\/grupotextil.es\/ca\/wp-json\/wp\/v2\/media\/421107"}],"wp:attachment":[{"href":"https:\/\/grupotextil.es\/ca\/wp-json\/wp\/v2\/media?parent=384780"}],"wp:term":[{"taxonomy":"product_brand","embeddable":true,"href":"https:\/\/grupotextil.es\/ca\/wp-json\/wp\/v2\/product_brand?post=384780"},{"taxonomy":"product_cat","embeddable":true,"href":"https:\/\/grupotextil.es\/ca\/wp-json\/wp\/v2\/product_cat?post=384780"},{"taxonomy":"product_tag","embeddable":true,"href":"https:\/\/grupotextil.es\/ca\/wp-json\/wp\/v2\/product_tag?post=384780"}],"curies":[{"name":"wp","href":"https:\/\/api.w.org\/{rel}","templated":true}]}}