{"id":385089,"date":"2026-03-08T03:42:27","date_gmt":"2026-03-08T02:42:27","guid":{"rendered":"https:\/\/grupotextil.es\/producto\/polo-mujer-id-001\/"},"modified":"2026-03-08T03:42:27","modified_gmt":"2026-03-08T02:42:27","slug":"polo-mujer-id-001","status":"publish","type":"product","link":"https:\/\/grupotextil.es\/ca\/product\/polo-mujer-id-001\/","title":{"rendered":"Polo mujer ID.001"},"content":{"rendered":"<ul>\n<li>180 g\/m\u00b2<\/li>\n<li>100% Algod\u00f3n (inversi\u00f3n Better Cotton)<\/li>\n<li>Heather Grey: 90% algod\u00f3n Better Cotton, 10% viscosa<\/li>\n<li>Cinta en el cuello<\/li>\n<li>Cuello en canal\u00e9<\/li>\n<li>Tapeta de 2 botones<\/li>\n<li>Costuras laterales<\/li>\n<li>Lavable hasta 40\u00b0C<\/li>\n<li>Corte normal<\/li>\n<\/ul>","protected":false},"excerpt":{"rendered":"<p>180 g\/m\u00b2100% Algod\u00f3n (inversi\u00f3n Better Cotton)Heather Grey: 90% algod\u00f3n Better Cotton, 10% viscosaCinta en el cuelloCuello en canal\u00e9Tapeta de 2 botonesCosturas lateralesLavable hasta 40\u00b0CCorte normal<\/p>","protected":false},"featured_media":421212,"comment_status":"open","ping_status":"closed","template":"","meta":{"_acf_changed":false},"product_brand":[11653],"product_cat":[13974,13975,13979,13988,13973],"product_tag":[],"class_list":{"0":"post-385089","1":"product","2":"type-product","3":"status-publish","4":"has-post-thumbnail","6":"product_brand-b-c","7":"product_cat-ropa-hombre","8":"product_cat-ropa-mujer","9":"product_cat-h-polos","10":"product_cat-m-polos","11":"product_cat-ropa","12":"tm-no-options","14":"first","15":"instock","16":"taxable","17":"shipping-taxable","18":"product-type-variable"},"acf":[],"_links":{"self":[{"href":"https:\/\/grupotextil.es\/ca\/wp-json\/wp\/v2\/product\/385089","targetHints":{"allow":["GET"]}}],"collection":[{"href":"https:\/\/grupotextil.es\/ca\/wp-json\/wp\/v2\/product"}],"about":[{"href":"https:\/\/grupotextil.es\/ca\/wp-json\/wp\/v2\/types\/product"}],"replies":[{"embeddable":true,"href":"https:\/\/grupotextil.es\/ca\/wp-json\/wp\/v2\/comments?post=385089"}],"wp:featuredmedia":[{"embeddable":true,"href":"https:\/\/grupotextil.es\/ca\/wp-json\/wp\/v2\/media\/421212"}],"wp:attachment":[{"href":"https:\/\/grupotextil.es\/ca\/wp-json\/wp\/v2\/media?parent=385089"}],"wp:term":[{"taxonomy":"product_brand","embeddable":true,"href":"https:\/\/grupotextil.es\/ca\/wp-json\/wp\/v2\/product_brand?post=385089"},{"taxonomy":"product_cat","embeddable":true,"href":"https:\/\/grupotextil.es\/ca\/wp-json\/wp\/v2\/product_cat?post=385089"},{"taxonomy":"product_tag","embeddable":true,"href":"https:\/\/grupotextil.es\/ca\/wp-json\/wp\/v2\/product_tag?post=385089"}],"curies":[{"name":"wp","href":"https:\/\/api.w.org\/{rel}","templated":true}]}}