{"id":385324,"date":"2026-03-08T03:43:10","date_gmt":"2026-03-08T02:43:10","guid":{"rendered":"https:\/\/grupotextil.es\/producto\/polo-pure-organic-hombre\/"},"modified":"2026-03-08T03:43:10","modified_gmt":"2026-03-08T02:43:10","slug":"polo-pure-organic-hombre","status":"publish","type":"product","link":"https:\/\/grupotextil.es\/ca\/product\/polo-pure-organic-hombre\/","title":{"rendered":"Polo Pure org\u00e1nico hombre"},"content":{"rendered":"<ul>\n<li>215 g\/m\u00b2<\/li>\n<li>100% algod\u00f3n org\u00e1nico peinado ringspun<\/li>\n<li>Polo piqu\u00e9<\/li>\n<li>Superficie lisa y uniforme para mejores resultados de impresi\u00f3n<\/li>\n<li>Cuello encintado en espiguilla<\/li>\n<li>Cuello con tapeta de 3 botones<\/li>\n<li>Botones te\u00f1idos a juego<\/li>\n<li>Pu\u00f1os en canal\u00e9<\/li>\n<li>Costuras laterales<\/li>\n<li>Sin etiqueta<\/li>\n<li>Ajuste moderno y actual<\/li>\n<\/ul>","protected":false},"excerpt":{"rendered":"<p>215 g\/m\u00b2100% algod\u00f3n org\u00e1nico peinado ringspunPolo piqu\u00e9Superficie lisa y uniforme para mejores resultados de impresi\u00f3nCuello encintado en espiguillaCuello con tapeta de 3 botonesBotones te\u00f1idos a jue<\/p>","protected":false},"featured_media":421274,"comment_status":"open","ping_status":"closed","template":"","meta":{"_acf_changed":false},"product_brand":[11670],"product_cat":[13974,13975,13979,13988,13973],"product_tag":[],"class_list":{"0":"post-385324","1":"product","2":"type-product","3":"status-publish","4":"has-post-thumbnail","6":"product_brand-russell-europe","7":"product_cat-ropa-hombre","8":"product_cat-ropa-mujer","9":"product_cat-h-polos","10":"product_cat-m-polos","11":"product_cat-ropa","12":"tm-no-options","14":"first","15":"instock","16":"taxable","17":"shipping-taxable","18":"product-type-variable"},"acf":[],"_links":{"self":[{"href":"https:\/\/grupotextil.es\/ca\/wp-json\/wp\/v2\/product\/385324","targetHints":{"allow":["GET"]}}],"collection":[{"href":"https:\/\/grupotextil.es\/ca\/wp-json\/wp\/v2\/product"}],"about":[{"href":"https:\/\/grupotextil.es\/ca\/wp-json\/wp\/v2\/types\/product"}],"replies":[{"embeddable":true,"href":"https:\/\/grupotextil.es\/ca\/wp-json\/wp\/v2\/comments?post=385324"}],"wp:featuredmedia":[{"embeddable":true,"href":"https:\/\/grupotextil.es\/ca\/wp-json\/wp\/v2\/media\/421274"}],"wp:attachment":[{"href":"https:\/\/grupotextil.es\/ca\/wp-json\/wp\/v2\/media?parent=385324"}],"wp:term":[{"taxonomy":"product_brand","embeddable":true,"href":"https:\/\/grupotextil.es\/ca\/wp-json\/wp\/v2\/product_brand?post=385324"},{"taxonomy":"product_cat","embeddable":true,"href":"https:\/\/grupotextil.es\/ca\/wp-json\/wp\/v2\/product_cat?post=385324"},{"taxonomy":"product_tag","embeddable":true,"href":"https:\/\/grupotextil.es\/ca\/wp-json\/wp\/v2\/product_tag?post=385324"}],"curies":[{"name":"wp","href":"https:\/\/api.w.org\/{rel}","templated":true}]}}