{"id":385351,"date":"2026-03-08T03:43:12","date_gmt":"2026-03-08T02:43:12","guid":{"rendered":"https:\/\/grupotextil.es\/producto\/polo-pique-doble-hombre-manga-larga\/"},"modified":"2026-03-08T03:43:12","modified_gmt":"2026-03-08T02:43:12","slug":"polo-pique-doble-hombre-manga-larga","status":"publish","type":"product","link":"https:\/\/grupotextil.es\/ca\/product\/polo-pique-doble-hombre-manga-larga\/","title":{"rendered":"Polo piqu\u00e9 doble hombre manga larga"},"content":{"rendered":"<ul>\n<li>223 g\/m\u00b2 (White 214 g\/m\u00b2)<\/li>\n<li>100% algod\u00f3n ring-spun peinado<\/li>\n<li>Sport Grey: 90% algod\u00f3n ring-spun peinado, 10% poli\u00e9ster<\/li>\n<li>Pre-encogido, piqu\u00e9 doble tejido de punto<\/li>\n<li>Solapa reforazada, con 3 botones color prenda<\/li>\n<li>Cuello y pu\u00f1os contorneados<\/li>\n<li>Etiqueta transfer<\/li>\n<li>Sobrecostura hombros<\/li>\n<li>Dobladillo inferior con puntada de doble aguja<\/li>\n<li>Costuras laterales y aberturas laterales<\/li>\n<\/ul>","protected":false},"excerpt":{"rendered":"<p>223 g\/m\u00b2 (White 214 g\/m\u00b2)100% algod\u00f3n ring-spun peinadoSport Grey: 90% algod\u00f3n ring-spun peinado, 10% poli\u00e9sterPre-encogido, piqu\u00e9 doble tejido de puntoSolapa reforazada, con 3 botones color prendaCue<\/p>","protected":false},"featured_media":421290,"comment_status":"open","ping_status":"closed","template":"","meta":{"_acf_changed":false},"product_brand":[11666],"product_cat":[13974,13975,13979,13988,13973],"product_tag":[],"class_list":{"0":"post-385351","1":"product","2":"type-product","3":"status-publish","4":"has-post-thumbnail","6":"product_brand-gildan","7":"product_cat-ropa-hombre","8":"product_cat-ropa-mujer","9":"product_cat-h-polos","10":"product_cat-m-polos","11":"product_cat-ropa","12":"tm-no-options","14":"first","15":"instock","16":"taxable","17":"shipping-taxable","18":"product-type-variable"},"acf":[],"_links":{"self":[{"href":"https:\/\/grupotextil.es\/ca\/wp-json\/wp\/v2\/product\/385351","targetHints":{"allow":["GET"]}}],"collection":[{"href":"https:\/\/grupotextil.es\/ca\/wp-json\/wp\/v2\/product"}],"about":[{"href":"https:\/\/grupotextil.es\/ca\/wp-json\/wp\/v2\/types\/product"}],"replies":[{"embeddable":true,"href":"https:\/\/grupotextil.es\/ca\/wp-json\/wp\/v2\/comments?post=385351"}],"wp:featuredmedia":[{"embeddable":true,"href":"https:\/\/grupotextil.es\/ca\/wp-json\/wp\/v2\/media\/421290"}],"wp:attachment":[{"href":"https:\/\/grupotextil.es\/ca\/wp-json\/wp\/v2\/media?parent=385351"}],"wp:term":[{"taxonomy":"product_brand","embeddable":true,"href":"https:\/\/grupotextil.es\/ca\/wp-json\/wp\/v2\/product_brand?post=385351"},{"taxonomy":"product_cat","embeddable":true,"href":"https:\/\/grupotextil.es\/ca\/wp-json\/wp\/v2\/product_cat?post=385351"},{"taxonomy":"product_tag","embeddable":true,"href":"https:\/\/grupotextil.es\/ca\/wp-json\/wp\/v2\/product_tag?post=385351"}],"curies":[{"name":"wp","href":"https:\/\/api.w.org\/{rel}","templated":true}]}}