{"id":385864,"date":"2026-03-08T03:47:28","date_gmt":"2026-03-08T02:47:28","guid":{"rendered":"https:\/\/grupotextil.es\/producto\/polo-2x-dry-mujer\/"},"modified":"2026-03-08T03:47:28","modified_gmt":"2026-03-08T02:47:28","slug":"polo-2x-dry-mujer","status":"publish","type":"product","link":"https:\/\/grupotextil.es\/ca\/product\/polo-2x-dry-mujer\/","title":{"rendered":"Polo 2X DRY mujer"},"content":{"rendered":"<ul>\n<li>140 g\/m\u00b2<\/li>\n<li>100% poli\u00e9ster piqu\u00e9<\/li>\n<li>Tejido resistente a enganches<\/li>\n<li>Protecci\u00f3n solar (UPF 40+)<\/li>\n<li>Tapeta de 2 botones y apertura en V<\/li>\n<li>Cuello acanalado<\/li>\n<li>Tejido el\u00e1stico<\/li>\n<li>Este producto est\u00e1 respaldado por una garant\u00eda de 5 a\u00f1os.<\/li>\n<\/ul>","protected":false},"excerpt":{"rendered":"<p>140 g\/m\u00b2100% poli\u00e9ster piqu\u00e9Tejido resistente a enganchesProtecci\u00f3n solar (UPF 40+)Tapeta de 2 botones y apertura en VCuello acanaladoTejido el\u00e1sticoEste producto est\u00e1 respaldado por una garant\u00eda d&#8230;<\/p>","protected":false},"featured_media":421421,"comment_status":"open","ping_status":"closed","template":"","meta":{"_acf_changed":false},"product_brand":[11664],"product_cat":[13974,13975,13979,13988,13973],"product_tag":[],"class_list":{"0":"post-385864","1":"product","2":"type-product","3":"status-publish","4":"has-post-thumbnail","6":"product_brand-stormtech","7":"product_cat-ropa-hombre","8":"product_cat-ropa-mujer","9":"product_cat-h-polos","10":"product_cat-m-polos","11":"product_cat-ropa","12":"tm-no-options","14":"first","15":"instock","16":"taxable","17":"shipping-taxable","18":"product-type-variable"},"acf":[],"_links":{"self":[{"href":"https:\/\/grupotextil.es\/ca\/wp-json\/wp\/v2\/product\/385864","targetHints":{"allow":["GET"]}}],"collection":[{"href":"https:\/\/grupotextil.es\/ca\/wp-json\/wp\/v2\/product"}],"about":[{"href":"https:\/\/grupotextil.es\/ca\/wp-json\/wp\/v2\/types\/product"}],"replies":[{"embeddable":true,"href":"https:\/\/grupotextil.es\/ca\/wp-json\/wp\/v2\/comments?post=385864"}],"wp:featuredmedia":[{"embeddable":true,"href":"https:\/\/grupotextil.es\/ca\/wp-json\/wp\/v2\/media\/421421"}],"wp:attachment":[{"href":"https:\/\/grupotextil.es\/ca\/wp-json\/wp\/v2\/media?parent=385864"}],"wp:term":[{"taxonomy":"product_brand","embeddable":true,"href":"https:\/\/grupotextil.es\/ca\/wp-json\/wp\/v2\/product_brand?post=385864"},{"taxonomy":"product_cat","embeddable":true,"href":"https:\/\/grupotextil.es\/ca\/wp-json\/wp\/v2\/product_cat?post=385864"},{"taxonomy":"product_tag","embeddable":true,"href":"https:\/\/grupotextil.es\/ca\/wp-json\/wp\/v2\/product_tag?post=385864"}],"curies":[{"name":"wp","href":"https:\/\/api.w.org\/{rel}","templated":true}]}}