{"id":386136,"date":"2026-03-08T03:48:44","date_gmt":"2026-03-08T02:48:44","guid":{"rendered":"https:\/\/grupotextil.es\/producto\/polo-hd-endurance\/"},"modified":"2026-03-08T03:48:44","modified_gmt":"2026-03-08T02:48:44","slug":"polo-hd-endurance","status":"publish","type":"product","link":"https:\/\/grupotextil.es\/ca\/product\/polo-hd-endurance\/","title":{"rendered":"Polo HD Endurance"},"content":{"rendered":"<ul>\n<li>200 g\/m\u00b2<\/li>\n<li>100% poli\u00e9ster piqu\u00e9<\/li>\n<li>Resistente a enganches<\/li>\n<li>Protecci\u00f3n solar (UPF 50+)<\/li>\n<li>Cuello acanalado<\/li>\n<li>Tapeta oculta de 3 botones<\/li>\n<li>Mangas montadas<\/li>\n<li>Ribete en contraste<\/li>\n<li>Dobladillo inferior con aberturas laterales.<\/li>\n<li>Este producto est\u00e1 respaldado por una garant\u00eda de 5 a\u00f1os.<\/li>\n<\/ul>","protected":false},"excerpt":{"rendered":"<p>200 g\/m\u00b2100% poli\u00e9ster piqu\u00e9Resistente a enganchesProtecci\u00f3n solar (UPF 50+)Cuello acanaladoTapeta oculta de 3 botonesMangas montadasRibete en contrasteDobladillo inferior con aberturas laterales.<\/p>","protected":false},"featured_media":421457,"comment_status":"open","ping_status":"closed","template":"","meta":{"_acf_changed":false},"product_brand":[11664],"product_cat":[13974,13975,13979,13988,13973],"product_tag":[],"class_list":{"0":"post-386136","1":"product","2":"type-product","3":"status-publish","4":"has-post-thumbnail","6":"product_brand-stormtech","7":"product_cat-ropa-hombre","8":"product_cat-ropa-mujer","9":"product_cat-h-polos","10":"product_cat-m-polos","11":"product_cat-ropa","12":"tm-no-options","14":"first","15":"instock","16":"taxable","17":"shipping-taxable","18":"product-type-variable"},"acf":[],"_links":{"self":[{"href":"https:\/\/grupotextil.es\/ca\/wp-json\/wp\/v2\/product\/386136","targetHints":{"allow":["GET"]}}],"collection":[{"href":"https:\/\/grupotextil.es\/ca\/wp-json\/wp\/v2\/product"}],"about":[{"href":"https:\/\/grupotextil.es\/ca\/wp-json\/wp\/v2\/types\/product"}],"replies":[{"embeddable":true,"href":"https:\/\/grupotextil.es\/ca\/wp-json\/wp\/v2\/comments?post=386136"}],"wp:featuredmedia":[{"embeddable":true,"href":"https:\/\/grupotextil.es\/ca\/wp-json\/wp\/v2\/media\/421457"}],"wp:attachment":[{"href":"https:\/\/grupotextil.es\/ca\/wp-json\/wp\/v2\/media?parent=386136"}],"wp:term":[{"taxonomy":"product_brand","embeddable":true,"href":"https:\/\/grupotextil.es\/ca\/wp-json\/wp\/v2\/product_brand?post=386136"},{"taxonomy":"product_cat","embeddable":true,"href":"https:\/\/grupotextil.es\/ca\/wp-json\/wp\/v2\/product_cat?post=386136"},{"taxonomy":"product_tag","embeddable":true,"href":"https:\/\/grupotextil.es\/ca\/wp-json\/wp\/v2\/product_tag?post=386136"}],"curies":[{"name":"wp","href":"https:\/\/api.w.org\/{rel}","templated":true}]}}