{"id":386182,"date":"2026-03-08T03:49:15","date_gmt":"2026-03-08T02:49:15","guid":{"rendered":"https:\/\/grupotextil.es\/producto\/polo-de-algodon-pima-de-manga-larga\/"},"modified":"2026-03-08T03:49:15","modified_gmt":"2026-03-08T02:49:15","slug":"polo-de-algodon-pima-de-manga-larga","status":"publish","type":"product","link":"https:\/\/grupotextil.es\/ca\/product\/polo-de-algodon-pima-de-manga-larga\/","title":{"rendered":"Polo Cotton Pima de Long Sleeve"},"content":{"rendered":"<ul>\n<li>200 g\/m\u00b2<\/li>\n<li>100 % algod\u00f3n (Pima), peinado y ring-spun<\/li>\n<li>Cuello del mismo tejido<\/li>\n<li>Tapeta de 3 botones<\/li>\n<li>Mangas con pu\u00f1os<\/li>\n<li>Corte entallado<\/li>\n<li>Hombros reforzados<\/li>\n<li>Doble preencogido<\/li>\n<li>Algod\u00f3n de fibra larga<\/li>\n<li>Lavado enzim\u00e1tico.<\/li>\n<\/ul>","protected":false},"excerpt":{"rendered":"<p>200 g\/m\u00b2100 % algod\u00f3n (Pima), peinado y ring-spunCuello del mismo tejidoTapeta de 3 botonesMangas con pu\u00f1osCorte entalladoHombros reforzadosDoble preencogidoAlgod\u00f3n de fibra largaLavado enzim\u00e1tico.<\/p>","protected":false},"featured_media":421478,"comment_status":"open","ping_status":"closed","template":"","meta":{"_acf_changed":false},"product_brand":[11671],"product_cat":[13974,13975,13979,13988,13973],"product_tag":[14010],"class_list":{"0":"post-386182","1":"product","2":"type-product","3":"status-publish","4":"has-post-thumbnail","6":"product_brand-tee-jays","7":"product_cat-ropa-hombre","8":"product_cat-ropa-mujer","9":"product_cat-h-polos","10":"product_cat-m-polos","11":"product_cat-ropa","12":"product_tag-nuevo-2026","13":"tm-no-options","15":"first","16":"instock","17":"taxable","18":"shipping-taxable","19":"product-type-variable"},"acf":[],"_links":{"self":[{"href":"https:\/\/grupotextil.es\/ca\/wp-json\/wp\/v2\/product\/386182","targetHints":{"allow":["GET"]}}],"collection":[{"href":"https:\/\/grupotextil.es\/ca\/wp-json\/wp\/v2\/product"}],"about":[{"href":"https:\/\/grupotextil.es\/ca\/wp-json\/wp\/v2\/types\/product"}],"replies":[{"embeddable":true,"href":"https:\/\/grupotextil.es\/ca\/wp-json\/wp\/v2\/comments?post=386182"}],"wp:featuredmedia":[{"embeddable":true,"href":"https:\/\/grupotextil.es\/ca\/wp-json\/wp\/v2\/media\/421478"}],"wp:attachment":[{"href":"https:\/\/grupotextil.es\/ca\/wp-json\/wp\/v2\/media?parent=386182"}],"wp:term":[{"taxonomy":"product_brand","embeddable":true,"href":"https:\/\/grupotextil.es\/ca\/wp-json\/wp\/v2\/product_brand?post=386182"},{"taxonomy":"product_cat","embeddable":true,"href":"https:\/\/grupotextil.es\/ca\/wp-json\/wp\/v2\/product_cat?post=386182"},{"taxonomy":"product_tag","embeddable":true,"href":"https:\/\/grupotextil.es\/ca\/wp-json\/wp\/v2\/product_tag?post=386182"}],"curies":[{"name":"wp","href":"https:\/\/api.w.org\/{rel}","templated":true}]}}