{"id":386276,"date":"2026-03-08T03:49:37","date_gmt":"2026-03-08T02:49:37","guid":{"rendered":"https:\/\/grupotextil.es\/producto\/polo-unisex\/"},"modified":"2026-03-08T03:49:37","modified_gmt":"2026-03-08T02:49:37","slug":"polo-unisex","status":"publish","type":"product","link":"https:\/\/grupotextil.es\/ca\/product\/polo-unisex\/","title":{"rendered":"Polo Unisex"},"content":{"rendered":"<ul>\n<li>180 g\/m\u00b2<\/li>\n<li>50% Algod\u00f3n, 50% Poli\u00e9ster<\/li>\n<li>Heather Grey: 95% algod\u00f3n, 5% poli\u00e9ster<\/li>\n<li>Cuello acanalado<\/li>\n<li>Cinta del cuello del mismo tejido<\/li>\n<li>3 botones del mismo color de prenda<\/li>\n<li>Puntada a doble aguja<\/li>\n<li>Dobladillo inferior y pu\u00f1os del mismo tejido<\/li>\n<li>Costuras laterales<\/li>\n<li>Prenda sin etiquetas, etiqueta de la talla descentrada en el cuello<\/li>\n<li>Lavable a 60\u00b0C<\/li>\n<\/ul>","protected":false},"excerpt":{"rendered":"<p>180 g\/m\u00b250% Algod\u00f3n, 50% Poli\u00e9sterHeather Grey: 95% algod\u00f3n, 5% poli\u00e9sterCuello acanaladoCinta del cuello del mismo tejido3 botones del mismo color de prendaPuntada a doble agujaDobladillo inferior y<\/p>","protected":false},"featured_media":421492,"comment_status":"open","ping_status":"closed","template":"","meta":{"_acf_changed":false},"product_brand":[11676],"product_cat":[13974,13975,13979,13988,13973],"product_tag":[],"class_list":{"0":"post-386276","1":"product","2":"type-product","3":"status-publish","4":"has-post-thumbnail","6":"product_brand-sg","7":"product_cat-ropa-hombre","8":"product_cat-ropa-mujer","9":"product_cat-h-polos","10":"product_cat-m-polos","11":"product_cat-ropa","12":"tm-no-options","14":"first","15":"instock","16":"taxable","17":"shipping-taxable","18":"product-type-variable"},"acf":[],"_links":{"self":[{"href":"https:\/\/grupotextil.es\/ca\/wp-json\/wp\/v2\/product\/386276","targetHints":{"allow":["GET"]}}],"collection":[{"href":"https:\/\/grupotextil.es\/ca\/wp-json\/wp\/v2\/product"}],"about":[{"href":"https:\/\/grupotextil.es\/ca\/wp-json\/wp\/v2\/types\/product"}],"replies":[{"embeddable":true,"href":"https:\/\/grupotextil.es\/ca\/wp-json\/wp\/v2\/comments?post=386276"}],"wp:featuredmedia":[{"embeddable":true,"href":"https:\/\/grupotextil.es\/ca\/wp-json\/wp\/v2\/media\/421492"}],"wp:attachment":[{"href":"https:\/\/grupotextil.es\/ca\/wp-json\/wp\/v2\/media?parent=386276"}],"wp:term":[{"taxonomy":"product_brand","embeddable":true,"href":"https:\/\/grupotextil.es\/ca\/wp-json\/wp\/v2\/product_brand?post=386276"},{"taxonomy":"product_cat","embeddable":true,"href":"https:\/\/grupotextil.es\/ca\/wp-json\/wp\/v2\/product_cat?post=386276"},{"taxonomy":"product_tag","embeddable":true,"href":"https:\/\/grupotextil.es\/ca\/wp-json\/wp\/v2\/product_tag?post=386276"}],"curies":[{"name":"wp","href":"https:\/\/api.w.org\/{rel}","templated":true}]}}