{"id":386350,"date":"2026-03-08T03:49:40","date_gmt":"2026-03-08T02:49:40","guid":{"rendered":"https:\/\/grupotextil.es\/producto\/polo-henry-hombre\/"},"modified":"2026-03-08T03:49:40","modified_gmt":"2026-03-08T02:49:40","slug":"polo-henry-hombre","status":"publish","type":"product","link":"https:\/\/grupotextil.es\/ca\/product\/polo-henry-hombre\/","title":{"rendered":"Polo Henry hombre"},"content":{"rendered":"<ul>\n<li>225 g\/m\u00b2<\/li>\n<li>100% algod\u00f3n ring-spun (piqu\u00e9)<\/li>\n<li>Cuello encintado en espiguilla en contraste<\/li>\n<li>2 botones del mismo color<\/li>\n<li>Bajo de manga de canal\u00e9<\/li>\n<li>Costuras laterales con espiguilla en contraste<\/li>\n<li>Corte normal<\/li>\n<\/ul>","protected":false},"excerpt":{"rendered":"<p>225 g\/m\u00b2100% algod\u00f3n ring-spun (piqu\u00e9)Cuello encintado en espiguilla en contraste2 botones del mismo colorBajo de manga de canal\u00e9Costuras laterales con espiguilla en contrasteCorte normal<\/p>","protected":false},"featured_media":421508,"comment_status":"open","ping_status":"closed","template":"","meta":{"_acf_changed":false},"product_brand":[11658],"product_cat":[13974,13975,13979,13988,13973],"product_tag":[],"class_list":{"0":"post-386350","1":"product","2":"type-product","3":"status-publish","4":"has-post-thumbnail","6":"product_brand-stedman","7":"product_cat-ropa-hombre","8":"product_cat-ropa-mujer","9":"product_cat-h-polos","10":"product_cat-m-polos","11":"product_cat-ropa","12":"tm-no-options","14":"first","15":"instock","16":"taxable","17":"shipping-taxable","18":"product-type-variable"},"acf":[],"_links":{"self":[{"href":"https:\/\/grupotextil.es\/ca\/wp-json\/wp\/v2\/product\/386350","targetHints":{"allow":["GET"]}}],"collection":[{"href":"https:\/\/grupotextil.es\/ca\/wp-json\/wp\/v2\/product"}],"about":[{"href":"https:\/\/grupotextil.es\/ca\/wp-json\/wp\/v2\/types\/product"}],"replies":[{"embeddable":true,"href":"https:\/\/grupotextil.es\/ca\/wp-json\/wp\/v2\/comments?post=386350"}],"wp:featuredmedia":[{"embeddable":true,"href":"https:\/\/grupotextil.es\/ca\/wp-json\/wp\/v2\/media\/421508"}],"wp:attachment":[{"href":"https:\/\/grupotextil.es\/ca\/wp-json\/wp\/v2\/media?parent=386350"}],"wp:term":[{"taxonomy":"product_brand","embeddable":true,"href":"https:\/\/grupotextil.es\/ca\/wp-json\/wp\/v2\/product_brand?post=386350"},{"taxonomy":"product_cat","embeddable":true,"href":"https:\/\/grupotextil.es\/ca\/wp-json\/wp\/v2\/product_cat?post=386350"},{"taxonomy":"product_tag","embeddable":true,"href":"https:\/\/grupotextil.es\/ca\/wp-json\/wp\/v2\/product_tag?post=386350"}],"curies":[{"name":"wp","href":"https:\/\/api.w.org\/{rel}","templated":true}]}}