{"id":386453,"date":"2026-03-08T03:49:44","date_gmt":"2026-03-08T02:49:44","guid":{"rendered":"https:\/\/grupotextil.es\/producto\/lux-polo-hombre\/"},"modified":"2026-03-08T03:49:44","modified_gmt":"2026-03-08T02:49:44","slug":"lux-polo-hombre","status":"publish","type":"product","link":"https:\/\/grupotextil.es\/ca\/product\/lux-polo-hombre\/","title":{"rendered":"Lux Polo hombre"},"content":{"rendered":"<ul>\n<li>180 g\/m\u00b2<\/li>\n<li>100% algod\u00f3n, ring-spun (piqu\u00e9)<\/li>\n<li>Grey Heather: 85% algod\u00f3n, 15% viscosa<\/li>\n<li>Cuello y bajo de manga en canal\u00e9<\/li>\n<li>Cinta de cuello en color de contraste<\/li>\n<li>3 botones del mismo color<\/li>\n<li>Costuras laterales.<\/li>\n<li>Ajuste Regular<\/li>\n<\/ul>","protected":false},"excerpt":{"rendered":"<p>180 g\/m\u00b2100% algod\u00f3n, ring-spun (piqu\u00e9)Grey Heather: 85% algod\u00f3n, 15% viscosaCuello y bajo de manga en canal\u00e9Cinta de cuello en color de contraste3 botones del mismo colorCosturas laterales.<\/p>","protected":false},"featured_media":421529,"comment_status":"open","ping_status":"closed","template":"","meta":{"_acf_changed":false},"product_brand":[11658],"product_cat":[13974,13975,13979,13988,13973],"product_tag":[],"class_list":{"0":"post-386453","1":"product","2":"type-product","3":"status-publish","4":"has-post-thumbnail","6":"product_brand-stedman","7":"product_cat-ropa-hombre","8":"product_cat-ropa-mujer","9":"product_cat-h-polos","10":"product_cat-m-polos","11":"product_cat-ropa","12":"tm-no-options","14":"first","15":"instock","16":"taxable","17":"shipping-taxable","18":"product-type-variable"},"acf":[],"_links":{"self":[{"href":"https:\/\/grupotextil.es\/ca\/wp-json\/wp\/v2\/product\/386453","targetHints":{"allow":["GET"]}}],"collection":[{"href":"https:\/\/grupotextil.es\/ca\/wp-json\/wp\/v2\/product"}],"about":[{"href":"https:\/\/grupotextil.es\/ca\/wp-json\/wp\/v2\/types\/product"}],"replies":[{"embeddable":true,"href":"https:\/\/grupotextil.es\/ca\/wp-json\/wp\/v2\/comments?post=386453"}],"wp:featuredmedia":[{"embeddable":true,"href":"https:\/\/grupotextil.es\/ca\/wp-json\/wp\/v2\/media\/421529"}],"wp:attachment":[{"href":"https:\/\/grupotextil.es\/ca\/wp-json\/wp\/v2\/media?parent=386453"}],"wp:term":[{"taxonomy":"product_brand","embeddable":true,"href":"https:\/\/grupotextil.es\/ca\/wp-json\/wp\/v2\/product_brand?post=386453"},{"taxonomy":"product_cat","embeddable":true,"href":"https:\/\/grupotextil.es\/ca\/wp-json\/wp\/v2\/product_cat?post=386453"},{"taxonomy":"product_tag","embeddable":true,"href":"https:\/\/grupotextil.es\/ca\/wp-json\/wp\/v2\/product_tag?post=386453"}],"curies":[{"name":"wp","href":"https:\/\/api.w.org\/{rel}","templated":true}]}}