{"id":387044,"date":"2026-03-08T03:56:36","date_gmt":"2026-03-08T02:56:36","guid":{"rendered":"https:\/\/grupotextil.es\/producto\/my-polo-180-manga-larga\/"},"modified":"2026-03-08T03:56:36","modified_gmt":"2026-03-08T02:56:36","slug":"my-polo-180-manga-larga","status":"publish","type":"product","link":"https:\/\/grupotextil.es\/ca\/product\/my-polo-180-manga-larga\/","title":{"rendered":"My polo 180 Long Sleeve"},"content":{"rendered":"<ul>\n<li>180 g\/m\u00b2<\/li>\n<li>100% Algod\u00f3n (Optimium\u2122), preencogido y ring-spun (Piqu\u00e9 Fino)<\/li>\n<li>Sport Grey: 90% algod\u00f3n Better Cotton, 10% viscosa<\/li>\n<li>Sensaci\u00f3n de suavidad<\/li>\n<li>Cuello encintado de hombro a hombro<\/li>\n<li>Manga larga<\/li>\n<li>Cuello y pu\u00f1os de punto acanalado<\/li>\n<li>Tapeta de 2 botones<\/li>\n<li>Botones del mismo color<\/li>\n<li>Costuras laterales<\/li>\n<li>Superficie uniforme para resultados de impresi\u00f3n brillantes y n\u00edtidos<\/li>\n<\/ul>","protected":false},"excerpt":{"rendered":"<p>180 g\/m\u00b2100% Algod\u00f3n (Optimium\u2122), preencogido y ring-spun (Piqu\u00e9 Fino)Sport Grey: 90% algod\u00f3n Better Cotton, 10% viscosaSensaci\u00f3n de suavidadCuello encintado de hombro a hombroManga largaCuello y pu\u00f1o<\/p>","protected":false},"featured_media":421613,"comment_status":"open","ping_status":"closed","template":"","meta":{"_acf_changed":false},"product_brand":[11653],"product_cat":[13974,13975,13979,13988,13973],"product_tag":[],"class_list":{"0":"post-387044","1":"product","2":"type-product","3":"status-publish","4":"has-post-thumbnail","6":"product_brand-b-c","7":"product_cat-ropa-hombre","8":"product_cat-ropa-mujer","9":"product_cat-h-polos","10":"product_cat-m-polos","11":"product_cat-ropa","12":"tm-no-options","14":"first","15":"instock","16":"taxable","17":"shipping-taxable","18":"product-type-variable"},"acf":[],"_links":{"self":[{"href":"https:\/\/grupotextil.es\/ca\/wp-json\/wp\/v2\/product\/387044","targetHints":{"allow":["GET"]}}],"collection":[{"href":"https:\/\/grupotextil.es\/ca\/wp-json\/wp\/v2\/product"}],"about":[{"href":"https:\/\/grupotextil.es\/ca\/wp-json\/wp\/v2\/types\/product"}],"replies":[{"embeddable":true,"href":"https:\/\/grupotextil.es\/ca\/wp-json\/wp\/v2\/comments?post=387044"}],"wp:featuredmedia":[{"embeddable":true,"href":"https:\/\/grupotextil.es\/ca\/wp-json\/wp\/v2\/media\/421613"}],"wp:attachment":[{"href":"https:\/\/grupotextil.es\/ca\/wp-json\/wp\/v2\/media?parent=387044"}],"wp:term":[{"taxonomy":"product_brand","embeddable":true,"href":"https:\/\/grupotextil.es\/ca\/wp-json\/wp\/v2\/product_brand?post=387044"},{"taxonomy":"product_cat","embeddable":true,"href":"https:\/\/grupotextil.es\/ca\/wp-json\/wp\/v2\/product_cat?post=387044"},{"taxonomy":"product_tag","embeddable":true,"href":"https:\/\/grupotextil.es\/ca\/wp-json\/wp\/v2\/product_tag?post=387044"}],"curies":[{"name":"wp","href":"https:\/\/api.w.org\/{rel}","templated":true}]}}