{"id":387194,"date":"2026-03-08T03:59:11","date_gmt":"2026-03-08T02:59:11","guid":{"rendered":"https:\/\/grupotextil.es\/producto\/my-polo-210-2\/"},"modified":"2026-03-08T03:59:11","modified_gmt":"2026-03-08T02:59:11","slug":"my-polo-210-2","status":"publish","type":"product","link":"https:\/\/grupotextil.es\/ca\/product\/my-polo-210-2\/","title":{"rendered":"My polo 210"},"content":{"rendered":"<ul>\n<li>210 g\/m\u00b2<\/li>\n<li>100 % algod\u00f3n (Optimium\u2122), preencogido y ring-spun<\/li>\n<li>Sport Grey: 90% algod\u00f3n Better Cotton, 10% viscosa; Heather Burgundy, Heather Grey Fog, Heather Blue: 80% algod\u00f3n; 20% poli\u00e9ster; Heather Tarmac: 60% algod\u00f3n, 40% poli\u00e9ster<\/li>\n<li>Piqu\u00e9 fino de alta densidad<\/li>\n<li>Sensaci\u00f3n de suavidad<\/li>\n<li>Cinta de espiga de primera calidad en el cuello y las aberturas laterales<\/li>\n<li>Cuello y pu\u00f1os de punto acanalado<\/li>\n<li>Tapeta de 2 botones<\/li>\n<li>Botones del mismo color<\/li>\n<li>Costuras laterales<\/li>\n<li>Superficie uniforme para resultados de impresi\u00f3n brillantes y n\u00edtidos<\/li>\n<\/ul>","protected":false},"excerpt":{"rendered":"<p>210 g\/m\u00b2100 % algod\u00f3n (Optimium\u2122), preencogido y ring-spunSport Grey: 90% algod\u00f3n Better Cotton, 10% viscosa; Heather Burgundy, Heather Grey Fog, Heather Blue: 80% algod\u00f3n; 20% poli\u00e9ster; Heather Tarm<\/p>","protected":false},"featured_media":421617,"comment_status":"open","ping_status":"closed","template":"","meta":{"_acf_changed":false},"product_brand":[11653],"product_cat":[13974,13975,13979,13988,13973],"product_tag":[14009],"class_list":{"0":"post-387194","1":"product","2":"type-product","3":"status-publish","4":"has-post-thumbnail","6":"product_brand-b-c","7":"product_cat-ropa-hombre","8":"product_cat-ropa-mujer","9":"product_cat-h-polos","10":"product_cat-m-polos","11":"product_cat-ropa","12":"product_tag-top-ventas","13":"tm-no-options","15":"first","16":"instock","17":"taxable","18":"shipping-taxable","19":"product-type-variable"},"acf":[],"_links":{"self":[{"href":"https:\/\/grupotextil.es\/ca\/wp-json\/wp\/v2\/product\/387194","targetHints":{"allow":["GET"]}}],"collection":[{"href":"https:\/\/grupotextil.es\/ca\/wp-json\/wp\/v2\/product"}],"about":[{"href":"https:\/\/grupotextil.es\/ca\/wp-json\/wp\/v2\/types\/product"}],"replies":[{"embeddable":true,"href":"https:\/\/grupotextil.es\/ca\/wp-json\/wp\/v2\/comments?post=387194"}],"wp:featuredmedia":[{"embeddable":true,"href":"https:\/\/grupotextil.es\/ca\/wp-json\/wp\/v2\/media\/421617"}],"wp:attachment":[{"href":"https:\/\/grupotextil.es\/ca\/wp-json\/wp\/v2\/media?parent=387194"}],"wp:term":[{"taxonomy":"product_brand","embeddable":true,"href":"https:\/\/grupotextil.es\/ca\/wp-json\/wp\/v2\/product_brand?post=387194"},{"taxonomy":"product_cat","embeddable":true,"href":"https:\/\/grupotextil.es\/ca\/wp-json\/wp\/v2\/product_cat?post=387194"},{"taxonomy":"product_tag","embeddable":true,"href":"https:\/\/grupotextil.es\/ca\/wp-json\/wp\/v2\/product_tag?post=387194"}],"curies":[{"name":"wp","href":"https:\/\/api.w.org\/{rel}","templated":true}]}}