{"id":388099,"date":"2026-03-08T04:15:10","date_gmt":"2026-03-08T03:15:10","guid":{"rendered":"https:\/\/grupotextil.es\/producto\/my-polo-180-manga-larga-mujer\/"},"modified":"2026-03-08T04:15:10","modified_gmt":"2026-03-08T03:15:10","slug":"my-polo-180-manga-larga-mujer","status":"publish","type":"product","link":"https:\/\/grupotextil.es\/ca\/product\/my-polo-180-manga-larga-mujer\/","title":{"rendered":"My polo 180 manga larga mujer"},"content":{"rendered":"<ul>\n<li>180 g\/m\u00b2<\/li>\n<li>100 % algod\u00f3n (invirtiendo en Better Cotton, Optimium\u2122), piqu\u00e9 fino<\/li>\n<li>Sport Grey: 90% algod\u00f3n Better Cotton, 10% viscosa<\/li>\n<li>Sensaci\u00f3n de suavidad<\/li>\n<li>Cuello encintado de hombro a hombro<\/li>\n<li>Manga larga<\/li>\n<li>Cuello y pu\u00f1os de punto acanalado<\/li>\n<li>Tapeta de 2 botones<\/li>\n<li>Botones del mismo color<\/li>\n<li>Costuras laterales<\/li>\n<li>Superficie uniforme para resultados de impresi\u00f3n brillantes y n\u00edtidos<\/li>\n<li>Ajustado<\/li>\n<\/ul>","protected":false},"excerpt":{"rendered":"<p>180 g\/m\u00b2100 % algod\u00f3n (invirtiendo en Better Cotton, Optimium\u2122), piqu\u00e9 finoSport Grey: 90% algod\u00f3n Better Cotton, 10% viscosaSensaci\u00f3n de suavidadCuello encintado de hombro a hombroManga largaCuello y<\/p>","protected":false},"featured_media":421660,"comment_status":"open","ping_status":"closed","template":"","meta":{"_acf_changed":false},"product_brand":[11653],"product_cat":[13974,13975,13979,13988,13973],"product_tag":[],"class_list":{"0":"post-388099","1":"product","2":"type-product","3":"status-publish","4":"has-post-thumbnail","6":"product_brand-b-c","7":"product_cat-ropa-hombre","8":"product_cat-ropa-mujer","9":"product_cat-h-polos","10":"product_cat-m-polos","11":"product_cat-ropa","12":"tm-no-options","14":"first","15":"instock","16":"taxable","17":"shipping-taxable","18":"product-type-variable"},"acf":[],"_links":{"self":[{"href":"https:\/\/grupotextil.es\/ca\/wp-json\/wp\/v2\/product\/388099","targetHints":{"allow":["GET"]}}],"collection":[{"href":"https:\/\/grupotextil.es\/ca\/wp-json\/wp\/v2\/product"}],"about":[{"href":"https:\/\/grupotextil.es\/ca\/wp-json\/wp\/v2\/types\/product"}],"replies":[{"embeddable":true,"href":"https:\/\/grupotextil.es\/ca\/wp-json\/wp\/v2\/comments?post=388099"}],"wp:featuredmedia":[{"embeddable":true,"href":"https:\/\/grupotextil.es\/ca\/wp-json\/wp\/v2\/media\/421660"}],"wp:attachment":[{"href":"https:\/\/grupotextil.es\/ca\/wp-json\/wp\/v2\/media?parent=388099"}],"wp:term":[{"taxonomy":"product_brand","embeddable":true,"href":"https:\/\/grupotextil.es\/ca\/wp-json\/wp\/v2\/product_brand?post=388099"},{"taxonomy":"product_cat","embeddable":true,"href":"https:\/\/grupotextil.es\/ca\/wp-json\/wp\/v2\/product_cat?post=388099"},{"taxonomy":"product_tag","embeddable":true,"href":"https:\/\/grupotextil.es\/ca\/wp-json\/wp\/v2\/product_tag?post=388099"}],"curies":[{"name":"wp","href":"https:\/\/api.w.org\/{rel}","templated":true}]}}