{"id":389129,"date":"2026-03-08T04:29:39","date_gmt":"2026-03-08T03:29:39","guid":{"rendered":"https:\/\/grupotextil.es\/producto\/polo-pique-65-35-hombre-2\/"},"modified":"2026-03-08T04:29:39","modified_gmt":"2026-03-08T03:29:39","slug":"polo-pique-65-35-hombre-2","status":"publish","type":"product","link":"https:\/\/grupotextil.es\/ca\/product\/polo-pique-65-35-hombre-2\/","title":{"rendered":"Polo piqu\u00e9 65\/35 hombre"},"content":{"rendered":"<ul>\n<li>215 g\/m\u00b2 (White: 210 g\/m\u00b2)<\/li>\n<li>65% poli\u00e9ster, 35% algod\u00f3n ring-spun punto piqu\u00e9 (Light Oxford: 93% algod\u00f3n, 7% viscosa)<\/li>\n<li>Cuello encintado del mismo tejido<\/li>\n<li>Adorno de refuerzo en el cuello y las mangas para mantener la forma<\/li>\n<li>Tapeta con 2 botones del mismo color de la prenda<\/li>\n<li>Costuras laterales<\/li>\n<li>Aberturas laterales para un mejor ajuste<\/li>\n<li>Bot\u00f3n de repuesto<\/li>\n<li>Esta prenda se fabricar\u00e1 en el futuro sin etiqueta, por lo que es posible realizar entregas mixtas.<\/li>\n<\/ul>","protected":false},"excerpt":{"rendered":"<p>215 g\/m\u00b2 (White: 210 g\/m\u00b2)65% poli\u00e9ster, 35% algod\u00f3n ring-spun punto piqu\u00e9 (Light Oxford: 93% algod\u00f3n, 7% viscosa)Cuello encintado del mismo tejidoAdorno de refuerzo en el cuello y las mangas para &#8230;<\/p>","protected":false},"featured_media":421755,"comment_status":"open","ping_status":"closed","template":"","meta":{"_acf_changed":false},"product_brand":[11676],"product_cat":[13974,13975,13979,13988,13973],"product_tag":[],"class_list":{"0":"post-389129","1":"product","2":"type-product","3":"status-publish","4":"has-post-thumbnail","6":"product_brand-sg","7":"product_cat-ropa-hombre","8":"product_cat-ropa-mujer","9":"product_cat-h-polos","10":"product_cat-m-polos","11":"product_cat-ropa","12":"tm-no-options","14":"first","15":"instock","16":"taxable","17":"shipping-taxable","18":"product-type-variable"},"acf":[],"_links":{"self":[{"href":"https:\/\/grupotextil.es\/ca\/wp-json\/wp\/v2\/product\/389129","targetHints":{"allow":["GET"]}}],"collection":[{"href":"https:\/\/grupotextil.es\/ca\/wp-json\/wp\/v2\/product"}],"about":[{"href":"https:\/\/grupotextil.es\/ca\/wp-json\/wp\/v2\/types\/product"}],"replies":[{"embeddable":true,"href":"https:\/\/grupotextil.es\/ca\/wp-json\/wp\/v2\/comments?post=389129"}],"wp:featuredmedia":[{"embeddable":true,"href":"https:\/\/grupotextil.es\/ca\/wp-json\/wp\/v2\/media\/421755"}],"wp:attachment":[{"href":"https:\/\/grupotextil.es\/ca\/wp-json\/wp\/v2\/media?parent=389129"}],"wp:term":[{"taxonomy":"product_brand","embeddable":true,"href":"https:\/\/grupotextil.es\/ca\/wp-json\/wp\/v2\/product_brand?post=389129"},{"taxonomy":"product_cat","embeddable":true,"href":"https:\/\/grupotextil.es\/ca\/wp-json\/wp\/v2\/product_cat?post=389129"},{"taxonomy":"product_tag","embeddable":true,"href":"https:\/\/grupotextil.es\/ca\/wp-json\/wp\/v2\/product_tag?post=389129"}],"curies":[{"name":"wp","href":"https:\/\/api.w.org\/{rel}","templated":true}]}}