{"id":389184,"date":"2026-03-08T04:29:41","date_gmt":"2026-03-08T03:29:41","guid":{"rendered":"https:\/\/grupotextil.es\/producto\/polo-manga-larga-premium\/"},"modified":"2026-03-08T04:29:41","modified_gmt":"2026-03-08T03:29:41","slug":"polo-manga-larga-premium","status":"publish","type":"product","link":"https:\/\/grupotextil.es\/ca\/product\/polo-manga-larga-premium\/","title":{"rendered":"Polo Long Sleeve Premium"},"content":{"rendered":"<ul>\n<li>180 g\/m\u00b2<\/li>\n<li>(White: 170 g\/m\u00b2)<\/li>\n<li>100% algod\u00f3n (Ash: 90% algod\u00f3n, 10% poli\u00e9ster)<\/li>\n<li>Tapeta de 3 botones del mismo color<\/li>\n<li>Pu\u00f1os en canal\u00e9 con algod\u00f3n\/elast\u00e1n para mantener la forma<\/li>\n<\/ul>","protected":false},"excerpt":{"rendered":"<p>180 g\/m\u00b2(White: 170 g\/m\u00b2)100% algod\u00f3n (Ash: 90% algod\u00f3n, 10% poli\u00e9ster)Tapeta de 3 botones del mismo colorPu\u00f1os en canal\u00e9 con algod\u00f3n\/elast\u00e1n para mantener la forma<\/p>","protected":false},"featured_media":421760,"comment_status":"open","ping_status":"closed","template":"","meta":{"_acf_changed":false},"product_brand":[11665],"product_cat":[13974,13975,13979,13988,13973],"product_tag":[],"class_list":{"0":"post-389184","1":"product","2":"type-product","3":"status-publish","4":"has-post-thumbnail","6":"product_brand-fruit-of-the-loom","7":"product_cat-ropa-hombre","8":"product_cat-ropa-mujer","9":"product_cat-h-polos","10":"product_cat-m-polos","11":"product_cat-ropa","12":"tm-no-options","14":"first","15":"instock","16":"taxable","17":"shipping-taxable","18":"product-type-variable"},"acf":[],"_links":{"self":[{"href":"https:\/\/grupotextil.es\/ca\/wp-json\/wp\/v2\/product\/389184","targetHints":{"allow":["GET"]}}],"collection":[{"href":"https:\/\/grupotextil.es\/ca\/wp-json\/wp\/v2\/product"}],"about":[{"href":"https:\/\/grupotextil.es\/ca\/wp-json\/wp\/v2\/types\/product"}],"replies":[{"embeddable":true,"href":"https:\/\/grupotextil.es\/ca\/wp-json\/wp\/v2\/comments?post=389184"}],"wp:featuredmedia":[{"embeddable":true,"href":"https:\/\/grupotextil.es\/ca\/wp-json\/wp\/v2\/media\/421760"}],"wp:attachment":[{"href":"https:\/\/grupotextil.es\/ca\/wp-json\/wp\/v2\/media?parent=389184"}],"wp:term":[{"taxonomy":"product_brand","embeddable":true,"href":"https:\/\/grupotextil.es\/ca\/wp-json\/wp\/v2\/product_brand?post=389184"},{"taxonomy":"product_cat","embeddable":true,"href":"https:\/\/grupotextil.es\/ca\/wp-json\/wp\/v2\/product_cat?post=389184"},{"taxonomy":"product_tag","embeddable":true,"href":"https:\/\/grupotextil.es\/ca\/wp-json\/wp\/v2\/product_tag?post=389184"}],"curies":[{"name":"wp","href":"https:\/\/api.w.org\/{rel}","templated":true}]}}