{"id":389741,"date":"2026-03-08T04:30:13","date_gmt":"2026-03-08T03:30:13","guid":{"rendered":"https:\/\/grupotextil.es\/producto\/polo-pique-algodon-hombre\/"},"modified":"2026-03-08T04:30:13","modified_gmt":"2026-03-08T03:30:13","slug":"polo-pique-algodon-hombre","status":"publish","type":"product","link":"https:\/\/grupotextil.es\/ca\/product\/polo-pique-algodon-hombre\/","title":{"rendered":"Polo piqu\u00e9 algod\u00f3n hombre"},"content":{"rendered":"<ul>\n<li>180 g\/m\u00b2 (White:175 g\/m\u00b2)<\/li>\n<li>100% algod\u00f3n ring-spun piqu\u00e9 (Ash Grey: 99% algod\u00f3n, 1% viscosa) (Light Oxford: 93% algod\u00f3n, 7% viscosa)<\/li>\n<li>Cuello encintado en el mismo tejido<\/li>\n<li>Cuello y pu\u00f1os en canal\u00e9<\/li>\n<li>Tapeta con 3 botones del mismo color de la prendda<\/li>\n<li>Costuras laterales<\/li>\n<li>Aberturas laterales para un mejor ajuste<\/li>\n<li>Bot\u00f3n de repuesto<\/li>\n<li>Esta prenda se fabricar\u00e1 en el futuro sin etiqueta, por lo que es posible realizar entregas mixtas.<\/li>\n<\/ul>","protected":false},"excerpt":{"rendered":"<p>180 g\/m\u00b2 (White:175 g\/m\u00b2)100% algod\u00f3n ring-spun piqu\u00e9 (Ash Grey: 99% algod\u00f3n, 1% viscosa) (Light Oxford: 93% algod\u00f3n, 7% viscosa)Cuello encintado en el mismo tejidoCuello y pu\u00f1os en canal\u00e9Tapeta co&#8230;<\/p>","protected":false},"featured_media":421857,"comment_status":"open","ping_status":"closed","template":"","meta":{"_acf_changed":false},"product_brand":[11676],"product_cat":[13974,13975,13979,13988,13973],"product_tag":[],"class_list":{"0":"post-389741","1":"product","2":"type-product","3":"status-publish","4":"has-post-thumbnail","6":"product_brand-sg","7":"product_cat-ropa-hombre","8":"product_cat-ropa-mujer","9":"product_cat-h-polos","10":"product_cat-m-polos","11":"product_cat-ropa","12":"tm-no-options","14":"first","15":"instock","16":"taxable","17":"shipping-taxable","18":"product-type-variable"},"acf":[],"_links":{"self":[{"href":"https:\/\/grupotextil.es\/ca\/wp-json\/wp\/v2\/product\/389741","targetHints":{"allow":["GET"]}}],"collection":[{"href":"https:\/\/grupotextil.es\/ca\/wp-json\/wp\/v2\/product"}],"about":[{"href":"https:\/\/grupotextil.es\/ca\/wp-json\/wp\/v2\/types\/product"}],"replies":[{"embeddable":true,"href":"https:\/\/grupotextil.es\/ca\/wp-json\/wp\/v2\/comments?post=389741"}],"wp:featuredmedia":[{"embeddable":true,"href":"https:\/\/grupotextil.es\/ca\/wp-json\/wp\/v2\/media\/421857"}],"wp:attachment":[{"href":"https:\/\/grupotextil.es\/ca\/wp-json\/wp\/v2\/media?parent=389741"}],"wp:term":[{"taxonomy":"product_brand","embeddable":true,"href":"https:\/\/grupotextil.es\/ca\/wp-json\/wp\/v2\/product_brand?post=389741"},{"taxonomy":"product_cat","embeddable":true,"href":"https:\/\/grupotextil.es\/ca\/wp-json\/wp\/v2\/product_cat?post=389741"},{"taxonomy":"product_tag","embeddable":true,"href":"https:\/\/grupotextil.es\/ca\/wp-json\/wp\/v2\/product_tag?post=389741"}],"curies":[{"name":"wp","href":"https:\/\/api.w.org\/{rel}","templated":true}]}}