{"id":390852,"date":"2026-03-08T04:32:29","date_gmt":"2026-03-08T03:32:29","guid":{"rendered":"https:\/\/grupotextil.es\/producto\/polo-pique-hardwearing-a-4xl\/"},"modified":"2026-03-08T04:32:29","modified_gmt":"2026-03-08T03:32:29","slug":"polo-pique-hardwearing-a-4xl","status":"publish","type":"product","link":"https:\/\/grupotextil.es\/ca\/product\/polo-pique-hardwearing-a-4xl\/","title":{"rendered":"Polo piqu\u00e9 Hardwearing a 4XL"},"content":{"rendered":"<ul>\n<li>215 g\/m\u00b2 (White: 210 g\/m\u00b2)<\/li>\n<li>65% poli\u00e9ster, 35% algod\u00f3n ring-spun piqu\u00e9<\/li>\n<li>Cuello encintado<\/li>\n<li>Costuras de los hombros reforzadas<\/li>\n<li>Tapeta con 2 botones del mismo color de la prenda<\/li>\n<li>Doble costura en el dobladillo<\/li>\n<li>Aberturas laterales<\/li>\n<li>Resistente y duradero<\/li>\n<li>Lavable a m\u00e1quina a 60\u00baC<\/li>\n<\/ul>","protected":false},"excerpt":{"rendered":"<p>215 g\/m\u00b2 (White: 210 g\/m\u00b2)65% poli\u00e9ster, 35% algod\u00f3n ring-spun piqu\u00e9Cuello encintadoCosturas de los hombros reforzadasTapeta con 2 botones del mismo color de la prendaDoble costura en el dobladilloAbe<\/p>","protected":false},"featured_media":422180,"comment_status":"open","ping_status":"closed","template":"","meta":{"_acf_changed":false},"product_brand":[11670],"product_cat":[13974,13975,13979,13988,13973],"product_tag":[],"class_list":{"0":"post-390852","1":"product","2":"type-product","3":"status-publish","4":"has-post-thumbnail","6":"product_brand-russell-europe","7":"product_cat-ropa-hombre","8":"product_cat-ropa-mujer","9":"product_cat-h-polos","10":"product_cat-m-polos","11":"product_cat-ropa","12":"tm-no-options","14":"first","15":"instock","16":"taxable","17":"shipping-taxable","18":"product-type-variable"},"acf":[],"_links":{"self":[{"href":"https:\/\/grupotextil.es\/ca\/wp-json\/wp\/v2\/product\/390852","targetHints":{"allow":["GET"]}}],"collection":[{"href":"https:\/\/grupotextil.es\/ca\/wp-json\/wp\/v2\/product"}],"about":[{"href":"https:\/\/grupotextil.es\/ca\/wp-json\/wp\/v2\/types\/product"}],"replies":[{"embeddable":true,"href":"https:\/\/grupotextil.es\/ca\/wp-json\/wp\/v2\/comments?post=390852"}],"wp:featuredmedia":[{"embeddable":true,"href":"https:\/\/grupotextil.es\/ca\/wp-json\/wp\/v2\/media\/422180"}],"wp:attachment":[{"href":"https:\/\/grupotextil.es\/ca\/wp-json\/wp\/v2\/media?parent=390852"}],"wp:term":[{"taxonomy":"product_brand","embeddable":true,"href":"https:\/\/grupotextil.es\/ca\/wp-json\/wp\/v2\/product_brand?post=390852"},{"taxonomy":"product_cat","embeddable":true,"href":"https:\/\/grupotextil.es\/ca\/wp-json\/wp\/v2\/product_cat?post=390852"},{"taxonomy":"product_tag","embeddable":true,"href":"https:\/\/grupotextil.es\/ca\/wp-json\/wp\/v2\/product_tag?post=390852"}],"curies":[{"name":"wp","href":"https:\/\/api.w.org\/{rel}","templated":true}]}}