{"id":390979,"date":"2026-03-08T04:33:03","date_gmt":"2026-03-08T03:33:03","guid":{"rendered":"https:\/\/grupotextil.es\/producto\/cotton-canvas-tote\/"},"modified":"2026-03-08T04:33:03","modified_gmt":"2026-03-08T03:33:03","slug":"cotton-canvas-tote","status":"publish","type":"product","link":"https:\/\/grupotextil.es\/ca\/product\/cotton-canvas-tote\/","title":{"rendered":"Cotton Canvas Tote"},"content":{"rendered":"<ul>\n<li>290 g\/m\u00b2<\/li>\n<li>100% algod\u00f3n org\u00e1nico<\/li>\n<li>Estilo del Grupo H&amp;M<\/li>\n<li>Bolso de mano cl\u00e1sico<\/li>\n<li>Dos asas en lona de algod\u00f3n<\/li>\n<li>Sin forro<\/li>\n<li>Abierto en la parte superior<\/li>\n<li>Pespunte con dos agujas pespunte con una aguja<\/li>\n<li>Costuras de refuerzo y presillas en las asas<\/li>\n<li>Tacto: Lona de algod\u00f3n pesada<\/li>\n<\/ul>","protected":false},"excerpt":{"rendered":"<p>290 g\/m\u00b2100% algod\u00f3n org\u00e1nicoEstilo del Grupo H&#038;MBolso de mano cl\u00e1sicoDos asas en lona de algod\u00f3nSin forroAbierto en la parte superiorPespunte con dos agujas pespunte con una agujaCosturas de refuerzo<\/p>","protected":false},"featured_media":422273,"comment_status":"open","ping_status":"closed","template":"","meta":{"_acf_changed":false},"product_brand":[11661],"product_cat":[13948,13954,13930],"product_tag":[],"class_list":{"0":"post-390979","1":"product","2":"type-product","3":"status-publish","4":"has-post-thumbnail","6":"product_brand-true-blanks","7":"product_cat-accesorios","8":"product_cat-acc-bolsas-y-mochilas","9":"product_cat-laboral","10":"tm-no-options","12":"first","13":"instock","14":"taxable","15":"shipping-taxable","16":"product-type-variable"},"acf":[],"_links":{"self":[{"href":"https:\/\/grupotextil.es\/ca\/wp-json\/wp\/v2\/product\/390979","targetHints":{"allow":["GET"]}}],"collection":[{"href":"https:\/\/grupotextil.es\/ca\/wp-json\/wp\/v2\/product"}],"about":[{"href":"https:\/\/grupotextil.es\/ca\/wp-json\/wp\/v2\/types\/product"}],"replies":[{"embeddable":true,"href":"https:\/\/grupotextil.es\/ca\/wp-json\/wp\/v2\/comments?post=390979"}],"wp:featuredmedia":[{"embeddable":true,"href":"https:\/\/grupotextil.es\/ca\/wp-json\/wp\/v2\/media\/422273"}],"wp:attachment":[{"href":"https:\/\/grupotextil.es\/ca\/wp-json\/wp\/v2\/media?parent=390979"}],"wp:term":[{"taxonomy":"product_brand","embeddable":true,"href":"https:\/\/grupotextil.es\/ca\/wp-json\/wp\/v2\/product_brand?post=390979"},{"taxonomy":"product_cat","embeddable":true,"href":"https:\/\/grupotextil.es\/ca\/wp-json\/wp\/v2\/product_cat?post=390979"},{"taxonomy":"product_tag","embeddable":true,"href":"https:\/\/grupotextil.es\/ca\/wp-json\/wp\/v2\/product_tag?post=390979"}],"curies":[{"name":"wp","href":"https:\/\/api.w.org\/{rel}","templated":true}]}}