{"id":391131,"date":"2026-03-08T04:34:18","date_gmt":"2026-03-08T03:34:18","guid":{"rendered":"https:\/\/grupotextil.es\/producto\/chaqueta-pro-pilot\/"},"modified":"2026-03-08T04:34:18","modified_gmt":"2026-03-08T03:34:18","slug":"chaqueta-pro-pilot","status":"publish","type":"product","link":"https:\/\/grupotextil.es\/ca\/product\/chaqueta-pro-pilot\/","title":{"rendered":"Jacket Pro Pilot"},"content":{"rendered":"<ul>\n<li>Exterior: 100% poli\u00e9ster (tejido de alto brillo)<\/li>\n<li>Aislamiento Thermoguard (100% reciclado)<\/li>\n<li>Forro: 100 % poli\u00e9ster (tafet\u00e1n, acolchado)<\/li>\n<li>Impermeable (Hydrafort)<\/li>\n<li>Cuello, dobladillo y pu\u00f1os de canal\u00e9<\/li>\n<li>Bolsillos laterales con cierre a presi\u00f3n<\/li>\n<li>Bolsillo con cremallera en la manga<\/li>\n<li>detalle de anilla en D<\/li>\n<li>Bolsillo interior de seguridad con cremallera<\/li>\n<li>Entrada con cremallera oculta en el forro para acceder al bordado.<\/li>\n<\/ul>","protected":false},"excerpt":{"rendered":"<p>Exterior: 100% poli\u00e9ster (tejido de alto brillo)Aislamiento Thermoguard (100% reciclado)Forro: 100 % poli\u00e9ster (tafet\u00e1n, acolchado)Impermeable (Hydrafort)Cuello, dobladillo y pu\u00f1os de canal\u00e9Bolsill&#8230;<\/p>","protected":false},"featured_media":422395,"comment_status":"open","ping_status":"closed","template":"","meta":{"_acf_changed":false},"product_brand":[11656],"product_cat":[13948,13954,13930],"product_tag":[],"class_list":{"0":"post-391131","1":"product","2":"type-product","3":"status-publish","4":"has-post-thumbnail","6":"product_brand-regatta","7":"product_cat-accesorios","8":"product_cat-acc-bolsas-y-mochilas","9":"product_cat-laboral","10":"tm-no-options","12":"first","13":"instock","14":"taxable","15":"shipping-taxable","16":"product-type-variable"},"acf":[],"_links":{"self":[{"href":"https:\/\/grupotextil.es\/ca\/wp-json\/wp\/v2\/product\/391131","targetHints":{"allow":["GET"]}}],"collection":[{"href":"https:\/\/grupotextil.es\/ca\/wp-json\/wp\/v2\/product"}],"about":[{"href":"https:\/\/grupotextil.es\/ca\/wp-json\/wp\/v2\/types\/product"}],"replies":[{"embeddable":true,"href":"https:\/\/grupotextil.es\/ca\/wp-json\/wp\/v2\/comments?post=391131"}],"wp:featuredmedia":[{"embeddable":true,"href":"https:\/\/grupotextil.es\/ca\/wp-json\/wp\/v2\/media\/422395"}],"wp:attachment":[{"href":"https:\/\/grupotextil.es\/ca\/wp-json\/wp\/v2\/media?parent=391131"}],"wp:term":[{"taxonomy":"product_brand","embeddable":true,"href":"https:\/\/grupotextil.es\/ca\/wp-json\/wp\/v2\/product_brand?post=391131"},{"taxonomy":"product_cat","embeddable":true,"href":"https:\/\/grupotextil.es\/ca\/wp-json\/wp\/v2\/product_cat?post=391131"},{"taxonomy":"product_tag","embeddable":true,"href":"https:\/\/grupotextil.es\/ca\/wp-json\/wp\/v2\/product_tag?post=391131"}],"curies":[{"name":"wp","href":"https:\/\/api.w.org\/{rel}","templated":true}]}}