{"id":391159,"date":"2026-03-08T04:34:51","date_gmt":"2026-03-08T03:34:51","guid":{"rendered":"https:\/\/grupotextil.es\/producto\/bolsa-yute-printers\/"},"modified":"2026-03-08T04:34:51","modified_gmt":"2026-03-08T03:34:51","slug":"bolsa-yute-printers","status":"publish","type":"product","link":"https:\/\/grupotextil.es\/ca\/product\/bolsa-yute-printers\/","title":{"rendered":"Bag yute Printers"},"content":{"rendered":"<ul>\n<li>Fondo y lateral: 100% yute laminado<\/li>\n<li>Frontal: 100% algod\u00f3n (lona)<\/li>\n<li>Asas de mano de algod\u00f3n (longitud: 65 cm)<\/li>\n<li>Se puede llevar en la mano o al hombro<\/li>\n<li>Paneles en algod\u00f3n aptos para impresi\u00f3n<\/li>\n<li>Capacidad: 21 litros<\/li>\n<li>Medidas: 42 x 33 x 19 cm<\/li>\n<li>Bordado m\u00e1ximo: aro tubular de 22<\/li>\n<li>\u00c1rea m\u00e1xima de impresi\u00f3n: 34 x 26 cm<\/li>\n<\/ul>","protected":false},"excerpt":{"rendered":"<p>Fondo y lateral: 100% yute laminadoFrontal: 100% algod\u00f3n (lona)Asas de mano de algod\u00f3n (longitud: 65 cm)Se puede llevar en la mano o al hombroPaneles en algod\u00f3n aptos para impresi\u00f3nCapacidad: 21 litro<\/p>","protected":false},"featured_media":422405,"comment_status":"open","ping_status":"closed","template":"","meta":{"_acf_changed":false},"product_brand":[11680],"product_cat":[13948,13954,13930],"product_tag":[],"class_list":{"0":"post-391159","1":"product","2":"type-product","3":"status-publish","4":"has-post-thumbnail","6":"product_brand-westford-mill","7":"product_cat-accesorios","8":"product_cat-acc-bolsas-y-mochilas","9":"product_cat-laboral","10":"tm-no-options","12":"first","13":"instock","14":"taxable","15":"shipping-taxable","16":"product-type-variable"},"acf":[],"_links":{"self":[{"href":"https:\/\/grupotextil.es\/ca\/wp-json\/wp\/v2\/product\/391159","targetHints":{"allow":["GET"]}}],"collection":[{"href":"https:\/\/grupotextil.es\/ca\/wp-json\/wp\/v2\/product"}],"about":[{"href":"https:\/\/grupotextil.es\/ca\/wp-json\/wp\/v2\/types\/product"}],"replies":[{"embeddable":true,"href":"https:\/\/grupotextil.es\/ca\/wp-json\/wp\/v2\/comments?post=391159"}],"wp:featuredmedia":[{"embeddable":true,"href":"https:\/\/grupotextil.es\/ca\/wp-json\/wp\/v2\/media\/422405"}],"wp:attachment":[{"href":"https:\/\/grupotextil.es\/ca\/wp-json\/wp\/v2\/media?parent=391159"}],"wp:term":[{"taxonomy":"product_brand","embeddable":true,"href":"https:\/\/grupotextil.es\/ca\/wp-json\/wp\/v2\/product_brand?post=391159"},{"taxonomy":"product_cat","embeddable":true,"href":"https:\/\/grupotextil.es\/ca\/wp-json\/wp\/v2\/product_cat?post=391159"},{"taxonomy":"product_tag","embeddable":true,"href":"https:\/\/grupotextil.es\/ca\/wp-json\/wp\/v2\/product_tag?post=391159"}],"curies":[{"name":"wp","href":"https:\/\/api.w.org\/{rel}","templated":true}]}}