{"id":391175,"date":"2026-03-08T04:34:53","date_gmt":"2026-03-08T03:34:53","guid":{"rendered":"https:\/\/grupotextil.es\/producto\/bolsa-de-yute-de-asas-cortas-chennai\/"},"modified":"2026-03-08T04:34:53","modified_gmt":"2026-03-08T03:34:53","slug":"bolsa-de-yute-de-asas-cortas-chennai","status":"publish","type":"product","link":"https:\/\/grupotextil.es\/ca\/product\/bolsa-de-yute-de-asas-cortas-chennai\/","title":{"rendered":"Bag Jute de Short Handle Chennai"},"content":{"rendered":"<ul>\n<li>100% yute<\/li>\n<li>Bolsa multifuncional con entretela en los laterales y con asas cortas<\/li>\n<li>Apropiada para serigraf\u00eda y bordado<\/li>\n<li>Capacidad: 20 litros<\/li>\n<li>Medidas: 39 x 35 x 15 cm<\/li>\n<li>\u00c1rea de decoraci\u00f3n: 20 x 28 cm<\/li>\n<li>Bordado m\u00e1ximo: aro tubular 18<\/li>\n<\/ul>","protected":false},"excerpt":{"rendered":"<p>100% yuteBolsa multifuncional con entretela en los laterales y con asas cortasApropiada para serigraf\u00eda y bordadoCapacidad: 20 litrosMedidas: 39 x 35 x 15 cm\u00c1rea de decoraci\u00f3n: 20 x 28 cmBordado m\u00e1xim<\/p>","protected":false},"featured_media":422430,"comment_status":"open","ping_status":"closed","template":"","meta":{"_acf_changed":false},"product_brand":[11660],"product_cat":[13948,13954,13930],"product_tag":[],"class_list":{"0":"post-391175","1":"product","2":"type-product","3":"status-publish","4":"has-post-thumbnail","6":"product_brand-shugon","7":"product_cat-accesorios","8":"product_cat-acc-bolsas-y-mochilas","9":"product_cat-laboral","10":"tm-no-options","12":"first","13":"instock","14":"taxable","15":"shipping-taxable","16":"product-type-variable"},"acf":[],"_links":{"self":[{"href":"https:\/\/grupotextil.es\/ca\/wp-json\/wp\/v2\/product\/391175","targetHints":{"allow":["GET"]}}],"collection":[{"href":"https:\/\/grupotextil.es\/ca\/wp-json\/wp\/v2\/product"}],"about":[{"href":"https:\/\/grupotextil.es\/ca\/wp-json\/wp\/v2\/types\/product"}],"replies":[{"embeddable":true,"href":"https:\/\/grupotextil.es\/ca\/wp-json\/wp\/v2\/comments?post=391175"}],"wp:featuredmedia":[{"embeddable":true,"href":"https:\/\/grupotextil.es\/ca\/wp-json\/wp\/v2\/media\/422430"}],"wp:attachment":[{"href":"https:\/\/grupotextil.es\/ca\/wp-json\/wp\/v2\/media?parent=391175"}],"wp:term":[{"taxonomy":"product_brand","embeddable":true,"href":"https:\/\/grupotextil.es\/ca\/wp-json\/wp\/v2\/product_brand?post=391175"},{"taxonomy":"product_cat","embeddable":true,"href":"https:\/\/grupotextil.es\/ca\/wp-json\/wp\/v2\/product_cat?post=391175"},{"taxonomy":"product_tag","embeddable":true,"href":"https:\/\/grupotextil.es\/ca\/wp-json\/wp\/v2\/product_tag?post=391175"}],"curies":[{"name":"wp","href":"https:\/\/api.w.org\/{rel}","templated":true}]}}