{"id":391227,"date":"2026-03-08T04:35:18","date_gmt":"2026-03-08T03:35:18","guid":{"rendered":"https:\/\/grupotextil.es\/producto\/bolsa-petate-de-poliester-plumpton\/"},"modified":"2026-03-08T04:35:18","modified_gmt":"2026-03-08T03:35:18","slug":"bolsa-petate-de-poliester-plumpton","status":"publish","type":"product","link":"https:\/\/grupotextil.es\/ca\/product\/bolsa-petate-de-poliester-plumpton\/","title":{"rendered":"Bag petate de poli\u00e9ster Plumpton"},"content":{"rendered":"<ul>\n<li>Poli\u00e9ster 600D x 300D y ripstop 600D<\/li>\n<li>Elegante bolsa petate<\/li>\n<li>Un gran compartimento con cierre mediante un cord\u00f3n de algod\u00f3n resistente<\/li>\n<li>Ojetes de metal reforzados<\/li>\n<li>Doble correa para el hombro<\/li>\n<li>Apropiado para serigraf\u00eda, impresi\u00f3n transfer y bordado<\/li>\n<li>Capacidad: 30 litros<\/li>\n<li>Medidas: 30 x 50 x 30 cm<\/li>\n<li>Bordado m\u00e1ximo: aro tubular 18<\/li>\n<li>\u00c1rea de decoraci\u00f3n: 18 x 20 cm<\/li>\n<\/ul>","protected":false},"excerpt":{"rendered":"<p>Poli\u00e9ster 600D x 300D y ripstop 600DElegante bolsa petateUn gran compartimento con cierre mediante un cord\u00f3n de algod\u00f3n resistenteOjetes de metal reforzadosDoble correa para el hombroApropiado para se<\/p>","protected":false},"featured_media":422466,"comment_status":"open","ping_status":"closed","template":"","meta":{"_acf_changed":false},"product_brand":[11660],"product_cat":[13948,13954,13930],"product_tag":[],"class_list":{"0":"post-391227","1":"product","2":"type-product","3":"status-publish","4":"has-post-thumbnail","6":"product_brand-shugon","7":"product_cat-accesorios","8":"product_cat-acc-bolsas-y-mochilas","9":"product_cat-laboral","10":"tm-no-options","12":"first","13":"instock","14":"taxable","15":"shipping-taxable","16":"product-type-variable"},"acf":[],"_links":{"self":[{"href":"https:\/\/grupotextil.es\/ca\/wp-json\/wp\/v2\/product\/391227","targetHints":{"allow":["GET"]}}],"collection":[{"href":"https:\/\/grupotextil.es\/ca\/wp-json\/wp\/v2\/product"}],"about":[{"href":"https:\/\/grupotextil.es\/ca\/wp-json\/wp\/v2\/types\/product"}],"replies":[{"embeddable":true,"href":"https:\/\/grupotextil.es\/ca\/wp-json\/wp\/v2\/comments?post=391227"}],"wp:featuredmedia":[{"embeddable":true,"href":"https:\/\/grupotextil.es\/ca\/wp-json\/wp\/v2\/media\/422466"}],"wp:attachment":[{"href":"https:\/\/grupotextil.es\/ca\/wp-json\/wp\/v2\/media?parent=391227"}],"wp:term":[{"taxonomy":"product_brand","embeddable":true,"href":"https:\/\/grupotextil.es\/ca\/wp-json\/wp\/v2\/product_brand?post=391227"},{"taxonomy":"product_cat","embeddable":true,"href":"https:\/\/grupotextil.es\/ca\/wp-json\/wp\/v2\/product_cat?post=391227"},{"taxonomy":"product_tag","embeddable":true,"href":"https:\/\/grupotextil.es\/ca\/wp-json\/wp\/v2\/product_tag?post=391227"}],"curies":[{"name":"wp","href":"https:\/\/api.w.org\/{rel}","templated":true}]}}