{"id":391294,"date":"2026-03-08T04:36:04","date_gmt":"2026-03-08T03:36:04","guid":{"rendered":"https:\/\/grupotextil.es\/producto\/gorro-de-tenis-flexfit-notop-eco-washing\/"},"modified":"2026-03-08T04:36:04","modified_gmt":"2026-03-08T03:36:04","slug":"gorro-de-tenis-flexfit-notop-eco-washing","status":"publish","type":"product","link":"https:\/\/grupotextil.es\/ca\/product\/gorro-de-tenis-flexfit-notop-eco-washing\/","title":{"rendered":"Beanie de tenis Flexfit Notop Eco Washing"},"content":{"rendered":"<ul>\n<li>287 g\/m\u00b2<\/li>\n<li>98% Algod\u00f3n, 2% Elastano<\/li>\n<li>Algod\u00f3n agradable al tacto<\/li>\n<li>6 paneles (el sombrero es m\u00e1s redondo)<\/li>\n<li>Ala circular con costuras decorativas<\/li>\n<\/ul>","protected":false},"excerpt":{"rendered":"<p>287 g\/m\u00b298% Algod\u00f3n, 2% ElastanoAlgod\u00f3n agradable al tacto6 paneles (el sombrero es m\u00e1s redondo)Ala circular con costuras decorativas<\/p>","protected":false},"featured_media":422508,"comment_status":"open","ping_status":"closed","template":"","meta":{"_acf_changed":false},"product_brand":[11678],"product_cat":[13948,13954,13930],"product_tag":[],"class_list":{"0":"post-391294","1":"product","2":"type-product","3":"status-publish","4":"has-post-thumbnail","6":"product_brand-flexfit","7":"product_cat-accesorios","8":"product_cat-acc-bolsas-y-mochilas","9":"product_cat-laboral","10":"tm-no-options","12":"first","13":"instock","14":"taxable","15":"shipping-taxable","16":"product-type-variable"},"acf":[],"_links":{"self":[{"href":"https:\/\/grupotextil.es\/ca\/wp-json\/wp\/v2\/product\/391294","targetHints":{"allow":["GET"]}}],"collection":[{"href":"https:\/\/grupotextil.es\/ca\/wp-json\/wp\/v2\/product"}],"about":[{"href":"https:\/\/grupotextil.es\/ca\/wp-json\/wp\/v2\/types\/product"}],"replies":[{"embeddable":true,"href":"https:\/\/grupotextil.es\/ca\/wp-json\/wp\/v2\/comments?post=391294"}],"wp:featuredmedia":[{"embeddable":true,"href":"https:\/\/grupotextil.es\/ca\/wp-json\/wp\/v2\/media\/422508"}],"wp:attachment":[{"href":"https:\/\/grupotextil.es\/ca\/wp-json\/wp\/v2\/media?parent=391294"}],"wp:term":[{"taxonomy":"product_brand","embeddable":true,"href":"https:\/\/grupotextil.es\/ca\/wp-json\/wp\/v2\/product_brand?post=391294"},{"taxonomy":"product_cat","embeddable":true,"href":"https:\/\/grupotextil.es\/ca\/wp-json\/wp\/v2\/product_cat?post=391294"},{"taxonomy":"product_tag","embeddable":true,"href":"https:\/\/grupotextil.es\/ca\/wp-json\/wp\/v2\/product_tag?post=391294"}],"curies":[{"name":"wp","href":"https:\/\/api.w.org\/{rel}","templated":true}]}}