{"id":391371,"date":"2026-03-08T04:37:23","date_gmt":"2026-03-08T03:37:23","guid":{"rendered":"https:\/\/grupotextil.es\/producto\/mochila-atlantis-w-p-medium\/"},"modified":"2026-03-08T04:37:23","modified_gmt":"2026-03-08T03:37:23","slug":"mochila-atlantis-w-p-medium","status":"publish","type":"product","link":"https:\/\/grupotextil.es\/ca\/product\/mochila-atlantis-w-p-medium\/","title":{"rendered":"Mochila Atlantis W\/P (Medium)"},"content":{"rendered":"<ul>\n<li>100% cloruro de polivinilo (pvc)<\/li>\n<li>Tejido resistente, reforzado e impermeable<\/li>\n<li>Correas acolchadas totalmente ajustables para llevar el bolso como mochila<\/li>\n<li>Gran apertura con cremallera al compartimento principal<\/li>\n<li>Gran bolsillo interior de malla con cremallera<\/li>\n<li>Bolsillo de identificaci\u00f3n<\/li>\n<li>Asas adicionales en cada extremo<\/li>\n<li>Capacidad 70 litros<\/li>\n<li>Medidas: 24 x 15 x 15<\/li>\n<li>Este producto est\u00e1 respaldado por una garant\u00eda de 5 a\u00f1os.<\/li>\n<\/ul>","protected":false},"excerpt":{"rendered":"<p>100% cloruro de polivinilo (pvc)Tejido resistente, reforzado e impermeableCorreas acolchadas totalmente ajustables para llevar el bolso como mochilaGran apertura con cremallera al compartimento pri&#8230;<\/p>","protected":false},"featured_media":422556,"comment_status":"open","ping_status":"closed","template":"","meta":{"_acf_changed":false},"product_brand":[11664],"product_cat":[13948,13954,13930],"product_tag":[],"class_list":{"0":"post-391371","1":"product","2":"type-product","3":"status-publish","4":"has-post-thumbnail","6":"product_brand-stormtech","7":"product_cat-accesorios","8":"product_cat-acc-bolsas-y-mochilas","9":"product_cat-laboral","10":"tm-no-options","12":"first","13":"instock","14":"taxable","15":"shipping-taxable","16":"product-type-variable"},"acf":[],"_links":{"self":[{"href":"https:\/\/grupotextil.es\/ca\/wp-json\/wp\/v2\/product\/391371","targetHints":{"allow":["GET"]}}],"collection":[{"href":"https:\/\/grupotextil.es\/ca\/wp-json\/wp\/v2\/product"}],"about":[{"href":"https:\/\/grupotextil.es\/ca\/wp-json\/wp\/v2\/types\/product"}],"replies":[{"embeddable":true,"href":"https:\/\/grupotextil.es\/ca\/wp-json\/wp\/v2\/comments?post=391371"}],"wp:featuredmedia":[{"embeddable":true,"href":"https:\/\/grupotextil.es\/ca\/wp-json\/wp\/v2\/media\/422556"}],"wp:attachment":[{"href":"https:\/\/grupotextil.es\/ca\/wp-json\/wp\/v2\/media?parent=391371"}],"wp:term":[{"taxonomy":"product_brand","embeddable":true,"href":"https:\/\/grupotextil.es\/ca\/wp-json\/wp\/v2\/product_brand?post=391371"},{"taxonomy":"product_cat","embeddable":true,"href":"https:\/\/grupotextil.es\/ca\/wp-json\/wp\/v2\/product_cat?post=391371"},{"taxonomy":"product_tag","embeddable":true,"href":"https:\/\/grupotextil.es\/ca\/wp-json\/wp\/v2\/product_tag?post=391371"}],"curies":[{"name":"wp","href":"https:\/\/api.w.org\/{rel}","templated":true}]}}