{"id":391460,"date":"2026-03-08T04:38:24","date_gmt":"2026-03-08T03:38:24","guid":{"rendered":"https:\/\/grupotextil.es\/producto\/chaleco-ejecutivo-hi-vis-pro\/"},"modified":"2026-03-08T04:38:24","modified_gmt":"2026-03-08T03:38:24","slug":"chaleco-ejecutivo-hi-vis-pro","status":"publish","type":"product","link":"https:\/\/grupotextil.es\/ca\/product\/chaleco-ejecutivo-hi-vis-pro\/","title":{"rendered":"Vest ejecutivo Hi-Vis Pro"},"content":{"rendered":"<ul>\n<li>100% poli\u00e9ster<\/li>\n<li>Cremallera central delantera<\/li>\n<li>Bolsillo para identificaci\u00f3n<\/li>\n<li>Fijaci\u00f3n con anillo en D<\/li>\n<\/ul>","protected":false},"excerpt":{"rendered":"<p>100% poli\u00e9sterCremallera central delanteraBolsillo para identificaci\u00f3nFijaci\u00f3n con anillo en D<\/p>","protected":false},"featured_media":422630,"comment_status":"open","ping_status":"closed","template":"","meta":{"_acf_changed":false},"product_brand":[11656],"product_cat":[13948,13954,13930],"product_tag":[],"class_list":{"0":"post-391460","1":"product","2":"type-product","3":"status-publish","4":"has-post-thumbnail","6":"product_brand-regatta","7":"product_cat-accesorios","8":"product_cat-acc-bolsas-y-mochilas","9":"product_cat-laboral","10":"tm-no-options","12":"first","13":"instock","14":"taxable","15":"shipping-taxable","16":"product-type-variable"},"acf":[],"_links":{"self":[{"href":"https:\/\/grupotextil.es\/ca\/wp-json\/wp\/v2\/product\/391460","targetHints":{"allow":["GET"]}}],"collection":[{"href":"https:\/\/grupotextil.es\/ca\/wp-json\/wp\/v2\/product"}],"about":[{"href":"https:\/\/grupotextil.es\/ca\/wp-json\/wp\/v2\/types\/product"}],"replies":[{"embeddable":true,"href":"https:\/\/grupotextil.es\/ca\/wp-json\/wp\/v2\/comments?post=391460"}],"wp:featuredmedia":[{"embeddable":true,"href":"https:\/\/grupotextil.es\/ca\/wp-json\/wp\/v2\/media\/422630"}],"wp:attachment":[{"href":"https:\/\/grupotextil.es\/ca\/wp-json\/wp\/v2\/media?parent=391460"}],"wp:term":[{"taxonomy":"product_brand","embeddable":true,"href":"https:\/\/grupotextil.es\/ca\/wp-json\/wp\/v2\/product_brand?post=391460"},{"taxonomy":"product_cat","embeddable":true,"href":"https:\/\/grupotextil.es\/ca\/wp-json\/wp\/v2\/product_cat?post=391460"},{"taxonomy":"product_tag","embeddable":true,"href":"https:\/\/grupotextil.es\/ca\/wp-json\/wp\/v2\/product_tag?post=391460"}],"curies":[{"name":"wp","href":"https:\/\/api.w.org\/{rel}","templated":true}]}}