{"id":391720,"date":"2026-03-08T04:41:49","date_gmt":"2026-03-08T03:41:49","guid":{"rendered":"https:\/\/grupotextil.es\/producto\/camiseta-hi-vis-pro\/"},"modified":"2026-03-08T04:41:49","modified_gmt":"2026-03-08T03:41:49","slug":"camiseta-hi-vis-pro","status":"publish","type":"product","link":"https:\/\/grupotextil.es\/ca\/product\/camiseta-hi-vis-pro\/","title":{"rendered":"T-Shirt Hi-Vis Pro"},"content":{"rendered":"<ul>\n<li>100% poli\u00e9ster (reciclado parcialmente)<\/li>\n<li>Certificado seg\u00fan EN ISO 20471:2013 A1:2016 Clase 2<\/li>\n<li>La tela proporciona protecci\u00f3n UPF 40<\/li>\n<li>Espacio en la cinta reflectante en las costuras laterales para mayor comodidad y elasticidad.<\/li>\n<\/ul>","protected":false},"excerpt":{"rendered":"<p>100% poli\u00e9ster (reciclado parcialmente)Certificado seg\u00fan EN ISO 20471:2013 A1:2016 Clase 2La tela proporciona protecci\u00f3n UPF 40Espacio en la cinta reflectante en las costuras laterales para mayor c&#8230;<\/p>","protected":false},"featured_media":422731,"comment_status":"open","ping_status":"closed","template":"","meta":{"_acf_changed":false},"product_brand":[11656],"product_cat":[13948,13954],"product_tag":[],"class_list":{"0":"post-391720","1":"product","2":"type-product","3":"status-publish","4":"has-post-thumbnail","6":"product_brand-regatta","7":"product_cat-accesorios","8":"product_cat-acc-bolsas-y-mochilas","9":"tm-no-options","11":"first","12":"instock","13":"taxable","14":"shipping-taxable","15":"product-type-variable"},"acf":[],"_links":{"self":[{"href":"https:\/\/grupotextil.es\/ca\/wp-json\/wp\/v2\/product\/391720","targetHints":{"allow":["GET"]}}],"collection":[{"href":"https:\/\/grupotextil.es\/ca\/wp-json\/wp\/v2\/product"}],"about":[{"href":"https:\/\/grupotextil.es\/ca\/wp-json\/wp\/v2\/types\/product"}],"replies":[{"embeddable":true,"href":"https:\/\/grupotextil.es\/ca\/wp-json\/wp\/v2\/comments?post=391720"}],"wp:featuredmedia":[{"embeddable":true,"href":"https:\/\/grupotextil.es\/ca\/wp-json\/wp\/v2\/media\/422731"}],"wp:attachment":[{"href":"https:\/\/grupotextil.es\/ca\/wp-json\/wp\/v2\/media?parent=391720"}],"wp:term":[{"taxonomy":"product_brand","embeddable":true,"href":"https:\/\/grupotextil.es\/ca\/wp-json\/wp\/v2\/product_brand?post=391720"},{"taxonomy":"product_cat","embeddable":true,"href":"https:\/\/grupotextil.es\/ca\/wp-json\/wp\/v2\/product_cat?post=391720"},{"taxonomy":"product_tag","embeddable":true,"href":"https:\/\/grupotextil.es\/ca\/wp-json\/wp\/v2\/product_tag?post=391720"}],"curies":[{"name":"wp","href":"https:\/\/api.w.org\/{rel}","templated":true}]}}