{"id":391743,"date":"2026-03-08T04:42:14","date_gmt":"2026-03-08T03:42:14","guid":{"rendered":"https:\/\/grupotextil.es\/producto\/bolsa-regalo-mini\/"},"modified":"2026-03-08T04:42:14","modified_gmt":"2026-03-08T03:42:14","slug":"bolsa-regalo-mini","status":"publish","type":"product","link":"https:\/\/grupotextil.es\/ca\/product\/bolsa-regalo-mini\/","title":{"rendered":"Bag regalo mini"},"content":{"rendered":"<ul>\n<li>100% yute laminado<\/li>\n<li>Asas de mano de algod\u00f3n (longitud: 35 cm)<\/li>\n<li>Capacidad: 6 litros<\/li>\n<li>Tama\u00f1o: 26 x 22 x 14 cm<\/li>\n<li>\u00c1rea m\u00e1xima de impresi\u00f3n: 18 x 14 cm<\/li>\n<\/ul>","protected":false},"excerpt":{"rendered":"<p>100% yute laminadoAsas de mano de algod\u00f3n (longitud: 35 cm)Capacidad: 6 litrosTama\u00f1o: 26 x 22 x 14 cm\u00c1rea m\u00e1xima de impresi\u00f3n: 18 x 14 cm<\/p>","protected":false},"featured_media":422737,"comment_status":"open","ping_status":"closed","template":"","meta":{"_acf_changed":false},"product_brand":[11680],"product_cat":[13948,13954],"product_tag":[14009],"class_list":{"0":"post-391743","1":"product","2":"type-product","3":"status-publish","4":"has-post-thumbnail","6":"product_brand-westford-mill","7":"product_cat-accesorios","8":"product_cat-acc-bolsas-y-mochilas","9":"product_tag-top-ventas","10":"tm-no-options","12":"first","13":"instock","14":"taxable","15":"shipping-taxable","16":"product-type-variable"},"acf":[],"_links":{"self":[{"href":"https:\/\/grupotextil.es\/ca\/wp-json\/wp\/v2\/product\/391743","targetHints":{"allow":["GET"]}}],"collection":[{"href":"https:\/\/grupotextil.es\/ca\/wp-json\/wp\/v2\/product"}],"about":[{"href":"https:\/\/grupotextil.es\/ca\/wp-json\/wp\/v2\/types\/product"}],"replies":[{"embeddable":true,"href":"https:\/\/grupotextil.es\/ca\/wp-json\/wp\/v2\/comments?post=391743"}],"wp:featuredmedia":[{"embeddable":true,"href":"https:\/\/grupotextil.es\/ca\/wp-json\/wp\/v2\/media\/422737"}],"wp:attachment":[{"href":"https:\/\/grupotextil.es\/ca\/wp-json\/wp\/v2\/media?parent=391743"}],"wp:term":[{"taxonomy":"product_brand","embeddable":true,"href":"https:\/\/grupotextil.es\/ca\/wp-json\/wp\/v2\/product_brand?post=391743"},{"taxonomy":"product_cat","embeddable":true,"href":"https:\/\/grupotextil.es\/ca\/wp-json\/wp\/v2\/product_cat?post=391743"},{"taxonomy":"product_tag","embeddable":true,"href":"https:\/\/grupotextil.es\/ca\/wp-json\/wp\/v2\/product_tag?post=391743"}],"curies":[{"name":"wp","href":"https:\/\/api.w.org\/{rel}","templated":true}]}}