{"id":391796,"date":"2026-03-08T04:42:42","date_gmt":"2026-03-08T03:42:42","guid":{"rendered":"https:\/\/grupotextil.es\/producto\/bolsa-midi-de-yute\/"},"modified":"2026-03-08T04:42:42","modified_gmt":"2026-03-08T03:42:42","slug":"bolsa-midi-de-yute","status":"publish","type":"product","link":"https:\/\/grupotextil.es\/ca\/product\/bolsa-midi-de-yute\/","title":{"rendered":"Bag Midi Jute"},"content":{"rendered":"<ul>\n<li>100% yute laminado<\/li>\n<li>Asas de mano de algod\u00f3n (longitud: 40 cm)<\/li>\n<li>Capacidad: 14 litros<\/li>\n<li>Tama\u00f1o: 30 x 30 x 19 cm<\/li>\n<li>\u00c1rea personalizaci\u00f3n: 23 x 22 cm<\/li>\n<\/ul>","protected":false},"excerpt":{"rendered":"<p>100% yute laminadoAsas de mano de algod\u00f3n (longitud: 40 cm)Capacidad: 14 litrosTama\u00f1o: 30 x 30 x 19 cm\u00c1rea personalizaci\u00f3n: 23 x 22 cm<\/p>","protected":false},"featured_media":422779,"comment_status":"open","ping_status":"closed","template":"","meta":{"_acf_changed":false},"product_brand":[11680],"product_cat":[13948,13954],"product_tag":[],"class_list":{"0":"post-391796","1":"product","2":"type-product","3":"status-publish","4":"has-post-thumbnail","6":"product_brand-westford-mill","7":"product_cat-accesorios","8":"product_cat-acc-bolsas-y-mochilas","9":"tm-no-options","11":"first","12":"instock","13":"taxable","14":"shipping-taxable","15":"product-type-variable"},"acf":[],"_links":{"self":[{"href":"https:\/\/grupotextil.es\/ca\/wp-json\/wp\/v2\/product\/391796","targetHints":{"allow":["GET"]}}],"collection":[{"href":"https:\/\/grupotextil.es\/ca\/wp-json\/wp\/v2\/product"}],"about":[{"href":"https:\/\/grupotextil.es\/ca\/wp-json\/wp\/v2\/types\/product"}],"replies":[{"embeddable":true,"href":"https:\/\/grupotextil.es\/ca\/wp-json\/wp\/v2\/comments?post=391796"}],"wp:featuredmedia":[{"embeddable":true,"href":"https:\/\/grupotextil.es\/ca\/wp-json\/wp\/v2\/media\/422779"}],"wp:attachment":[{"href":"https:\/\/grupotextil.es\/ca\/wp-json\/wp\/v2\/media?parent=391796"}],"wp:term":[{"taxonomy":"product_brand","embeddable":true,"href":"https:\/\/grupotextil.es\/ca\/wp-json\/wp\/v2\/product_brand?post=391796"},{"taxonomy":"product_cat","embeddable":true,"href":"https:\/\/grupotextil.es\/ca\/wp-json\/wp\/v2\/product_cat?post=391796"},{"taxonomy":"product_tag","embeddable":true,"href":"https:\/\/grupotextil.es\/ca\/wp-json\/wp\/v2\/product_tag?post=391796"}],"curies":[{"name":"wp","href":"https:\/\/api.w.org\/{rel}","templated":true}]}}