{"id":391843,"date":"2026-03-08T04:43:12","date_gmt":"2026-03-08T03:43:12","guid":{"rendered":"https:\/\/grupotextil.es\/producto\/mochila-para-ordenador-road-warrior\/"},"modified":"2026-03-08T04:43:12","modified_gmt":"2026-03-08T03:43:12","slug":"mochila-para-ordenador-road-warrior","status":"publish","type":"product","link":"https:\/\/grupotextil.es\/ca\/product\/mochila-para-ordenador-road-warrior\/","title":{"rendered":"Mochila para ordenador Road Warrior"},"content":{"rendered":"<ul>\n<li>100% poli\u00e9ster<\/li>\n<li>Dos opciones de transporte: asas en la parte superior y lateral<\/li>\n<li>Correas de hombro que se pueden guardar en un bolsillo oculto<\/li>\n<li>Compartimento principal con funda para port\u00e1til<\/li>\n<li>Sistema de organizaci\u00f3n interna<\/li>\n<li>Bolsillos frontales externos con cremallera<\/li>\n<li>Compatibilidad con maletas con ruedas<\/li>\n<li>Capacidad: 19,5 litros<\/li>\n<li>Medidas: 36 x 43 x 23 cm<\/li>\n<li>Este producto est\u00e1 respaldado por una garant\u00eda de 5 a\u00f1os.<\/li>\n<\/ul>","protected":false},"excerpt":{"rendered":"<p>100% poli\u00e9sterDos opciones de transporte: asas en la parte superior y lateralCorreas de hombro que se pueden guardar en un bolsillo ocultoCompartimento principal con funda para port\u00e1tilSistema de o&#8230;<\/p>","protected":false},"featured_media":422821,"comment_status":"open","ping_status":"closed","template":"","meta":{"_acf_changed":false},"product_brand":[11664],"product_cat":[13948,13954],"product_tag":[],"class_list":{"0":"post-391843","1":"product","2":"type-product","3":"status-publish","4":"has-post-thumbnail","6":"product_brand-stormtech","7":"product_cat-accesorios","8":"product_cat-acc-bolsas-y-mochilas","9":"tm-no-options","11":"first","12":"instock","13":"taxable","14":"shipping-taxable","15":"product-type-variable"},"acf":[],"_links":{"self":[{"href":"https:\/\/grupotextil.es\/ca\/wp-json\/wp\/v2\/product\/391843","targetHints":{"allow":["GET"]}}],"collection":[{"href":"https:\/\/grupotextil.es\/ca\/wp-json\/wp\/v2\/product"}],"about":[{"href":"https:\/\/grupotextil.es\/ca\/wp-json\/wp\/v2\/types\/product"}],"replies":[{"embeddable":true,"href":"https:\/\/grupotextil.es\/ca\/wp-json\/wp\/v2\/comments?post=391843"}],"wp:featuredmedia":[{"embeddable":true,"href":"https:\/\/grupotextil.es\/ca\/wp-json\/wp\/v2\/media\/422821"}],"wp:attachment":[{"href":"https:\/\/grupotextil.es\/ca\/wp-json\/wp\/v2\/media?parent=391843"}],"wp:term":[{"taxonomy":"product_brand","embeddable":true,"href":"https:\/\/grupotextil.es\/ca\/wp-json\/wp\/v2\/product_brand?post=391843"},{"taxonomy":"product_cat","embeddable":true,"href":"https:\/\/grupotextil.es\/ca\/wp-json\/wp\/v2\/product_cat?post=391843"},{"taxonomy":"product_tag","embeddable":true,"href":"https:\/\/grupotextil.es\/ca\/wp-json\/wp\/v2\/product_tag?post=391843"}],"curies":[{"name":"wp","href":"https:\/\/api.w.org\/{rel}","templated":true}]}}